{"id":60,"date":"2019-02-11T05:51:34","date_gmt":"2019-02-11T05:51:34","guid":{"rendered":"http:\/\/www.dinalink.com\/?page_id=60"},"modified":"2019-08-01T23:55:31","modified_gmt":"2019-08-02T04:55:31","slug":"productos-y-servicios","status":"publish","type":"page","link":"http:\/\/www.dinalink.com\/?page_id=60","title":{"rendered":"Productos y servicios"},"content":{"rendered":"<p>[et_pb_section fb_built=&#8221;1&#8243; _builder_version=&#8221;3.22&#8243; background_color=&#8221;#99bd5c&#8221; custom_margin=&#8221;||&#8221; custom_padding=&#8221;0px||30px||false|false&#8221;][et_pb_row _builder_version=&#8221;3.25&#8243; background_size=&#8221;initial&#8221; background_position=&#8221;top_left&#8221; background_repeat=&#8221;repeat&#8221; box_shadow_style=&#8221;preset1&#8243; max_width=&#8221;80%&#8221; custom_margin=&#8221;0px||0px||true&#8221; custom_padding=&#8221;0px||0px||true&#8221; use_custom_width=&#8221;on&#8221; width_unit=&#8221;off&#8221;][et_pb_column type=&#8221;4_4&#8243; _builder_version=&#8221;3.25&#8243; custom_padding=&#8221;|||&#8221; custom_padding__hover=&#8221;|||&#8221;][et_pb_slider module_class=&#8221;top_slide&#8221; _builder_version=&#8221;3.19.15&#8243; header_font=&#8221;||||||||&#8221; body_font=&#8221;||||||||&#8221; text_orientation=&#8221;right&#8221; custom_margin=&#8221;|0px||&#8221; animation_style=&#8221;fold&#8221; animation_direction=&#8221;top&#8221;][et_pb_slide use_text_overlay=&#8221;on&#8221; text_overlay_color=&#8221;rgba(153,189,92,0.76)&#8221; _builder_version=&#8221;3.19.15&#8243; header_font=&#8221;||||||||&#8221; header_text_shadow_style=&#8221;preset2&#8243; body_font=&#8221;||||||||&#8221; body_text_shadow_style=&#8221;preset2&#8243; background_image=&#8221;http:\/\/www.dinalink.com\/wp-content\/uploads\/2019\/02\/res_6.jpg&#8221;]EN DINALINK, CONCEBIMOS LA INNOVACI\u00d3N,<br \/> COMO UN PILAR ESTRAT\u00c9GICO Y UNA FORMA DE<br \/> DESARROLLAR DE MANERA INTEGRAL<br \/> EL NEGOCIO DE NUESTROS CLIENTES.[\/et_pb_slide][\/et_pb_slider][\/et_pb_column][\/et_pb_row][\/et_pb_section][et_pb_section fb_built=&#8221;1&#8243; _builder_version=&#8221;3.22&#8243; custom_margin=&#8221;0px||&#8221; custom_padding=&#8221;120px||||false|false&#8221; top_divider_style=&#8221;arrow2&#8243; top_divider_color=&#8221;#99bd5c&#8221;][et_pb_row use_custom_gutter=&#8221;on&#8221; gutter_width=&#8221;1&#8243; make_equal=&#8221;on&#8221; _builder_version=&#8221;3.25&#8243; background_color=&#8221;#cee8c4&#8243; box_shadow_style=&#8221;preset3&#8243; custom_margin=&#8221;50px||50px||true&#8221; custom_padding=&#8221;0px||0px||true&#8221; column_structure=&#8221;1_3,2_3&#8243;][et_pb_column type=&#8221;1_3&#8243; _builder_version=&#8221;3.25&#8243; custom_padding=&#8221;|||&#8221; custom_padding__hover=&#8221;|||&#8221;][et_pb_text _builder_version=&#8221;3.19.13&#8243; header_font=&#8221;||||||||&#8221; header_2_font=&#8221;|700||on|||||&#8221; header_2_text_color=&#8221;#ffffff&#8221; header_2_text_shadow_style=&#8221;preset1&#8243; background_image=&#8221;http:\/\/www.dinalink.com\/wp-content\/uploads\/2019\/02\/row_bkg.png&#8221; background_size=&#8221;contain&#8221; background_position=&#8221;center_left&#8221; border_radii=&#8221;||15px|15px|&#8221; custom_padding=&#8221;70px|5%|65px|5%|false|true&#8221;]<\/p>\n<h2 style=\"text-align: center;\"><strong>INSTALACI\u00d3N<\/strong><\/h2>\n<p>[\/et_pb_text][\/et_pb_column][et_pb_column type=&#8221;2_3&#8243; _builder_version=&#8221;3.25&#8243; custom_padding=&#8221;|||&#8221; custom_padding__hover=&#8221;|||&#8221;][et_pb_text _builder_version=&#8221;3.19.13&#8243; text_font=&#8221;|300||on|||||&#8221; text_font_size=&#8221;18px&#8221; text_text_shadow_style=&#8221;preset1&#8243; custom_padding=&#8221;3%|5%|3%|5%||true&#8221;]<\/p>\n<p>En conjunto con los grandes proveedores de tecnolog\u00eda, creamos soluciones \u00fanicas y personalizadas que nos permite desarrollar la infraestructura tecnol\u00f3gica para atender las expectativas de los usuarios.<\/p>\n<p>[\/et_pb_text][et_pb_image src=&#8221;http:\/\/www.dinalink.com\/wp-content\/uploads\/2019\/02\/Asset-2-2x_1.png&#8221; url=&#8221;http:\/\/www.dinalink.com\/?page_id=167&#8243; align=&#8221;right&#8221; _builder_version=&#8221;3.23&#8243; custom_margin=&#8221;|20px|5px|&#8221; divienhancer_set=&#8221;hover_effects&#8221; divienhancer_hover_effect=&#8221;divienhancer-forward&#8221; always_center_on_mobile=&#8221;off&#8221;][\/et_pb_image][dsm_button _builder_version=&#8221;3.19.13&#8243;][\/dsm_button][\/et_pb_column][\/et_pb_row][et_pb_row use_custom_gutter=&#8221;on&#8221; gutter_width=&#8221;1&#8243; make_equal=&#8221;on&#8221; _builder_version=&#8221;3.25&#8243; background_color=&#8221;#cee8c4&#8243; box_shadow_style=&#8221;preset3&#8243; custom_margin=&#8221;50px||50px||true&#8221; custom_padding=&#8221;0px||0px||true&#8221; column_structure=&#8221;1_3,2_3&#8243;][et_pb_column type=&#8221;1_3&#8243; _builder_version=&#8221;3.25&#8243; custom_padding=&#8221;|||&#8221; custom_padding__hover=&#8221;|||&#8221;][et_pb_text _builder_version=&#8221;3.19.13&#8243; header_font=&#8221;||||||||&#8221; header_2_font=&#8221;|700||on|||||&#8221; header_2_text_color=&#8221;#ffffff&#8221; header_2_text_shadow_style=&#8221;preset2&#8243; background_image=&#8221;http:\/\/www.dinalink.com\/wp-content\/uploads\/2019\/02\/row_bkg.png&#8221; background_size=&#8221;contain&#8221; background_position=&#8221;center_left&#8221; border_radii=&#8221;||15px|15px|&#8221; custom_padding=&#8221;70px|5%|65px|5%|false|true&#8221;]<\/p>\n<h2 style=\"text-align: center;\"><strong>MANTENIMIENTO<\/strong><\/h2>\n<p>[\/et_pb_text][\/et_pb_column][et_pb_column type=&#8221;2_3&#8243; _builder_version=&#8221;3.25&#8243; custom_padding=&#8221;|||&#8221; custom_padding__hover=&#8221;|||&#8221;][et_pb_text _builder_version=&#8221;3.19.13&#8243; text_font=&#8221;|300||on|||||&#8221; text_font_size=&#8221;18px&#8221; text_text_shadow_style=&#8221;preset1&#8243; custom_padding=&#8221;3%|5%|3%|5%||true&#8221;]<\/p>\n<p>Con el objetivo de fortalecer la red de telecomunicaciones y los mecanismos de conectividad, buscamos ofrecer un servicio integral centrado en la calidad.<\/p>\n<p>[\/et_pb_text][et_pb_image src=&#8221;http:\/\/www.dinalink.com\/wp-content\/uploads\/2019\/02\/Asset-2-2x_1.png&#8221; url=&#8221;http:\/\/www.dinalink.com\/?page_id=247&#8243; align=&#8221;right&#8221; _builder_version=&#8221;3.23&#8243; custom_margin=&#8221;|20px|5px|&#8221; divienhancer_set=&#8221;hover_effects&#8221; divienhancer_hover_effect=&#8221;divienhancer-forward&#8221; always_center_on_mobile=&#8221;off&#8221;][\/et_pb_image][\/et_pb_column][\/et_pb_row][et_pb_row use_custom_gutter=&#8221;on&#8221; gutter_width=&#8221;1&#8243; make_equal=&#8221;on&#8221; _builder_version=&#8221;3.25&#8243; background_color=&#8221;#cee8c4&#8243; box_shadow_style=&#8221;preset3&#8243; custom_margin=&#8221;50px||50px||true&#8221; custom_padding=&#8221;0px||0px||true&#8221; column_structure=&#8221;1_3,2_3&#8243;][et_pb_column type=&#8221;1_3&#8243; _builder_version=&#8221;3.25&#8243; custom_padding=&#8221;|||&#8221; custom_padding__hover=&#8221;|||&#8221;][et_pb_text _builder_version=&#8221;3.26.6&#8243; header_font=&#8221;||||||||&#8221; header_2_font=&#8221;|700||on|||||&#8221; header_2_text_color=&#8221;#ffffff&#8221; header_2_text_shadow_style=&#8221;preset2&#8243; background_image=&#8221;http:\/\/www.dinalink.com\/wp-content\/uploads\/2019\/02\/row_bkg.png&#8221; background_size=&#8221;contain&#8221; background_position=&#8221;center_left&#8221; border_radii=&#8221;||15px|15px|&#8221; custom_padding=&#8221;70px|5%|65px|5%|false|true&#8221;]<\/p>\n<h2 style=\"text-align: center;\">SERVICIOS PROFESIONALES<\/h2>\n<p>[\/et_pb_text][\/et_pb_column][et_pb_column type=&#8221;2_3&#8243; _builder_version=&#8221;3.25&#8243; custom_padding=&#8221;|||&#8221; custom_padding__hover=&#8221;|||&#8221;][et_pb_text _builder_version=&#8221;3.26.6&#8243; text_font=&#8221;|300||on|||||&#8221; text_font_size=&#8221;18px&#8221; text_text_shadow_style=&#8221;preset1&#8243; custom_padding=&#8221;3%|5%|3%|5%||true&#8221;]<\/p>\n<p>DINALINK PONE A DISPOSICI\u00d3N DE SUS CLIENTES UN EQUIPO DE INGENIEROS DE ALTO NIVEL CAPACITADO Y EXPERIMENTADO PARA CUMPLIR CON SERVICIOS DE VALOR AGREGADO.<\/p>\n<p>[\/et_pb_text][et_pb_image src=&#8221;http:\/\/www.dinalink.com\/wp-content\/uploads\/2019\/02\/Asset-2-2x_1.png&#8221; url=&#8221;http:\/\/www.dinalink.com\/?page_id=263&#8243; align=&#8221;right&#8221; _builder_version=&#8221;3.23&#8243; custom_margin=&#8221;|20px|5px|&#8221; divienhancer_set=&#8221;hover_effects&#8221; divienhancer_hover_effect=&#8221;divienhancer-forward&#8221; always_center_on_mobile=&#8221;off&#8221;][\/et_pb_image][\/et_pb_column][\/et_pb_row][\/et_pb_section][et_pb_section fb_built=&#8221;1&#8243; _builder_version=&#8221;3.19.15&#8243; background_color=&#8221;#425ca9&#8243; global_module=&#8221;289&#8243;][et_pb_row column_structure=&#8221;1_3,1_3,1_3&#8243; _builder_version=&#8221;3.25&#8243; custom_padding=&#8221;27px|0px|16px|0px|false|false&#8221;][et_pb_column type=&#8221;1_3&#8243; _builder_version=&#8221;3.25&#8243; custom_padding=&#8221;|||&#8221; custom_padding__hover=&#8221;|||&#8221;][et_pb_text _builder_version=&#8221;3.19.15&#8243; text_font=&#8221;||||||||&#8221; header_font=&#8221;||||||||&#8221; header_2_font=&#8221;Josefin Sans|||on|||||&#8221; header_2_text_shadow_style=&#8221;preset1&#8243; background_layout=&#8221;dark&#8221;]<\/p>\n<h2>SOBRE DINALINK<\/h2>\n<p>[\/et_pb_text][et_pb_blurb title=&#8221;\u00bfQui\u00e9nes somos?&#8221; url=&#8221;http:\/\/www.dinalink.com\/?page_id=128&#8243; use_icon=&#8221;on&#8221; font_icon=&#8221;%%20%%&#8221; icon_color=&#8221;#e2b42b&#8221; icon_placement=&#8221;left&#8221; _builder_version=&#8221;3.19.17&#8243; header_font=&#8221;Josefin Sans|300|||||||&#8221; header_text_color=&#8221;#ffffff&#8221; header_font_size=&#8221;22px&#8221; border_width_bottom=&#8221;3px&#8221; border_color_bottom=&#8221;#7487bc&#8221; background_layout=&#8221;dark&#8221; custom_padding=&#8221;||4px&#8221;][\/et_pb_blurb][et_pb_blurb title=&#8221;Misi\u00f3n y Visi\u00f3n&#8221; url=&#8221;http:\/\/www.dinalink.com\/?page_id=158&#8243; use_icon=&#8221;on&#8221; font_icon=&#8221;%%20%%&#8221; icon_color=&#8221;#e2b42b&#8221; icon_placement=&#8221;left&#8221; _builder_version=&#8221;3.19.17&#8243; header_font=&#8221;Josefin Sans|300|||||||&#8221; header_text_color=&#8221;#ffffff&#8221; header_font_size=&#8221;22px&#8221; border_width_bottom=&#8221;3px&#8221; border_color_bottom=&#8221;#7487bc&#8221; background_layout=&#8221;dark&#8221; custom_padding=&#8221;||4px&#8221;][\/et_pb_blurb][et_pb_blurb title=&#8221;Nuestro Equipo&#8221; url=&#8221;http:\/\/www.dinalink.com\/?page_id=146&#8243; use_icon=&#8221;on&#8221; font_icon=&#8221;%%20%%&#8221; icon_color=&#8221;#e2b42b&#8221; icon_placement=&#8221;left&#8221; _builder_version=&#8221;3.19.17&#8243; header_font=&#8221;Josefin Sans|300|||||||&#8221; header_text_color=&#8221;#ffffff&#8221; header_font_size=&#8221;22px&#8221; border_width_bottom=&#8221;3px&#8221; border_color_bottom=&#8221;#7487bc&#8221; background_layout=&#8221;dark&#8221; custom_padding=&#8221;||4px&#8221;][\/et_pb_blurb][\/et_pb_column][et_pb_column type=&#8221;1_3&#8243; _builder_version=&#8221;3.25&#8243; custom_padding=&#8221;|||&#8221; custom_padding__hover=&#8221;|||&#8221;][et_pb_text _builder_version=&#8221;3.19.15&#8243; text_font=&#8221;||||||||&#8221; header_font=&#8221;||||||||&#8221; header_2_font=&#8221;Josefin Sans|||on|||||&#8221; header_2_text_shadow_style=&#8221;preset1&#8243; background_layout=&#8221;dark&#8221;]<\/p>\n<h2>Productos y Servicios<\/h2>\n<p>[\/et_pb_text][et_pb_blurb title=&#8221;Instalaci\u00f3n&#8221; url=&#8221;http:\/\/www.dinalink.com\/?page_id=167&#8243; use_icon=&#8221;on&#8221; font_icon=&#8221;%%20%%&#8221; icon_color=&#8221;#e2b42b&#8221; icon_placement=&#8221;left&#8221; _builder_version=&#8221;3.19.17&#8243; header_font=&#8221;Josefin Sans|300|||||||&#8221; header_text_color=&#8221;#ffffff&#8221; header_font_size=&#8221;22px&#8221; border_width_bottom=&#8221;3px&#8221; border_color_bottom=&#8221;#7487bc&#8221; background_layout=&#8221;dark&#8221; custom_padding=&#8221;||4px&#8221;][\/et_pb_blurb][et_pb_blurb title=&#8221;Mantenimiento&#8221; url=&#8221;http:\/\/www.dinalink.com\/?page_id=247&#8243; use_icon=&#8221;on&#8221; font_icon=&#8221;%%20%%&#8221; icon_color=&#8221;#e2b42b&#8221; icon_placement=&#8221;left&#8221; _builder_version=&#8221;3.19.17&#8243; header_font=&#8221;Josefin Sans|300|||||||&#8221; header_text_color=&#8221;#ffffff&#8221; header_font_size=&#8221;22px&#8221; border_width_bottom=&#8221;3px&#8221; border_color_bottom=&#8221;#7487bc&#8221; background_layout=&#8221;dark&#8221; custom_padding=&#8221;||4px&#8221;][\/et_pb_blurb][et_pb_blurb title=&#8221;Supervisi\u00f3n&#8221; url=&#8221;http:\/\/www.dinalink.com\/?page_id=263&#8243; use_icon=&#8221;on&#8221; font_icon=&#8221;%%20%%&#8221; icon_color=&#8221;#e2b42b&#8221; icon_placement=&#8221;left&#8221; _builder_version=&#8221;3.19.17&#8243; header_font=&#8221;Josefin Sans|300|||||||&#8221; header_text_color=&#8221;#ffffff&#8221; header_font_size=&#8221;22px&#8221; border_width_bottom=&#8221;3px&#8221; border_color_bottom=&#8221;#7487bc&#8221; background_layout=&#8221;dark&#8221; custom_padding=&#8221;||4px&#8221;][\/et_pb_blurb][\/et_pb_column][et_pb_column type=&#8221;1_3&#8243; _builder_version=&#8221;3.25&#8243; custom_padding=&#8221;|||&#8221; custom_padding__hover=&#8221;|||&#8221;][et_pb_text _builder_version=&#8221;3.19.15&#8243; text_font=&#8221;||||||||&#8221; header_font=&#8221;||||||||&#8221; header_2_font=&#8221;Josefin Sans|||on|||||&#8221; header_2_text_shadow_style=&#8221;preset1&#8243; background_layout=&#8221;dark&#8221;]<\/p>\n<h2>ContActo<\/h2>\n<p>[\/et_pb_text][et_pb_blurb url=&#8221;\/productos-y-servicios\/instalacion\/&#8221; use_icon=&#8221;on&#8221; font_icon=&#8221;%%236%%&#8221; icon_color=&#8221;#e2b42b&#8221; icon_placement=&#8221;left&#8221; _builder_version=&#8221;3.19.15&#8243; header_font=&#8221;Josefin Sans|300|||||||&#8221; header_text_color=&#8221;#e2b42b&#8221; header_font_size=&#8221;22px&#8221; body_font=&#8221;Josefin Sans|300|||||||&#8221; body_text_align=&#8221;left&#8221; body_font_size=&#8221;16px&#8221; body_text_shadow_style=&#8221;preset1&#8243; border_width_bottom=&#8221;1px&#8221; border_color_bottom=&#8221;#7487bc&#8221; background_layout=&#8221;dark&#8221; custom_padding=&#8221;||4px&#8221;]<\/p>\n<p><span class=\"fontstyle0\">Jos\u00e9 Arizaga E3-37 y Jorge Drom.<br \/> Edificio Aristo Plaza.<br \/> Piso 4, Oficina 41<br \/> Quito, Ecuador<\/span><\/p>\n<p>[\/et_pb_blurb][et_pb_blurb url=&#8221;\/productos-y-servicios\/instalacion\/&#8221; use_icon=&#8221;on&#8221; font_icon=&#8221;%%236%%&#8221; icon_color=&#8221;#e2b42b&#8221; icon_placement=&#8221;left&#8221; _builder_version=&#8221;3.19.15&#8243; header_font=&#8221;Josefin Sans|300|||||||&#8221; header_text_color=&#8221;#e2b42b&#8221; header_font_size=&#8221;22px&#8221; body_font=&#8221;Josefin Sans|300|||||||&#8221; body_text_align=&#8221;left&#8221; body_font_size=&#8221;16px&#8221; body_text_shadow_style=&#8221;preset1&#8243; border_width_bottom=&#8221;1px&#8221; border_color_bottom=&#8221;#7487bc&#8221; background_layout=&#8221;dark&#8221; custom_padding=&#8221;||4px&#8221;]<\/p>\n<p><span class=\"fontstyle0\">Samanes 6, Manzana 944, Casa 34<br \/> Guayaquil, Ecuador<\/span><\/p>\n<p>[\/et_pb_blurb][et_pb_blurb url=&#8221;\/productos-y-servicios\/instalacion\/&#8221; use_icon=&#8221;on&#8221; font_icon=&#8221;%%264%%&#8221; icon_color=&#8221;#e2b42b&#8221; icon_placement=&#8221;left&#8221; _builder_version=&#8221;3.19.15&#8243; header_font=&#8221;Josefin Sans|300|||||||&#8221; header_text_color=&#8221;#e2b42b&#8221; header_font_size=&#8221;22px&#8221; body_font=&#8221;Josefin Sans|300|||||||&#8221; body_text_align=&#8221;left&#8221; body_font_size=&#8221;16px&#8221; body_text_shadow_style=&#8221;preset1&#8243; background_layout=&#8221;dark&#8221; custom_padding=&#8221;||4px&#8221;]<\/p>\n<p><span class=\"fontstyle0\">(593) 39 45 210<br \/>(593) 39 45 230<\/span> <\/p>\n<p>[\/et_pb_blurb][\/et_pb_column][\/et_pb_row][et_pb_row column_structure=&#8221;1_3,1_3,1_3&#8243; _builder_version=&#8221;3.25&#8243; border_width_top=&#8221;4px&#8221; border_color_top=&#8221;#ffffff&#8221; custom_margin=&#8221;25px||&#8221; custom_padding=&#8221;25px||0px&#8221;][et_pb_column type=&#8221;1_3&#8243; _builder_version=&#8221;3.25&#8243; custom_padding=&#8221;|||&#8221; custom_padding__hover=&#8221;|||&#8221;][\/et_pb_column][et_pb_column type=&#8221;1_3&#8243; _builder_version=&#8221;3.25&#8243; custom_padding=&#8221;|||&#8221; custom_padding__hover=&#8221;|||&#8221;][et_pb_text _builder_version=&#8221;3.19.17&#8243; text_font=&#8221;Josefin Sans|600||on|||||&#8221; text_text_shadow_style=&#8221;preset1&#8243; header_font=&#8221;||||||||&#8221; header_2_font=&#8221;Josefin Sans||||||||&#8221; header_2_font_size=&#8221;20px&#8221; header_2_text_shadow_style=&#8221;preset1&#8243; text_orientation=&#8221;right&#8221; background_layout=&#8221;dark&#8221; link_option_url=&#8221;http:\/\/www.dinalink.com\/?page_id=82&#8243;]<\/p>\n<h2>T\u00c9RMINOS DE USO<\/h2>\n<p>[\/et_pb_text][\/et_pb_column][et_pb_column type=&#8221;1_3&#8243; _builder_version=&#8221;3.25&#8243; custom_padding=&#8221;|||&#8221; custom_padding__hover=&#8221;|||&#8221;][et_pb_text _builder_version=&#8221;3.19.17&#8243; text_font=&#8221;Josefin Sans|600||on|||||&#8221; text_text_shadow_style=&#8221;preset1&#8243; header_font=&#8221;||||||||&#8221; header_2_font=&#8221;Josefin Sans||||||||&#8221; header_2_font_size=&#8221;20px&#8221; header_2_text_shadow_style=&#8221;preset1&#8243; text_orientation=&#8221;right&#8221; background_layout=&#8221;dark&#8221; link_option_url=&#8221;http:\/\/www.dinalink.com\/?page_id=3&#8243;]<\/p>\n<h2>POL\u00cdTICA DE PRIVACIDAD<\/h2>\n<p>[\/et_pb_text][\/et_pb_column][\/et_pb_row][\/et_pb_section]<\/p>\n","protected":false},"excerpt":{"rendered":"<p>[et_pb_section fb_built=&#8221;1&#8243; _builder_version=&#8221;3.22&#8243; background_color=&#8221;#99bd5c&#8221; custom_margin=&#8221;||&#8221; custom_padding=&#8221;0px||30px||false|false&#8221;][et_pb_row _builder_version=&#8221;3.25&#8243; background_size=&#8221;initial&#8221; background_position=&#8221;top_left&#8221; background_repeat=&#8221;repeat&#8221; box_shadow_style=&#8221;preset1&#8243; max_width=&#8221;80%&#8221; custom_margin=&#8221;0px||0px||true&#8221; custom_padding=&#8221;0px||0px||true&#8221; use_custom_width=&#8221;on&#8221; width_unit=&#8221;off&#8221;][et_pb_column type=&#8221;4_4&#8243; _builder_version=&#8221;3.25&#8243; custom_padding=&#8221;|||&#8221; custom_padding__hover=&#8221;|||&#8221;][et_pb_slider module_class=&#8221;top_slide&#8221; _builder_version=&#8221;3.19.15&#8243; header_font=&#8221;||||||||&#8221; body_font=&#8221;||||||||&#8221; text_orientation=&#8221;right&#8221; custom_margin=&#8221;|0px||&#8221; animation_style=&#8221;fold&#8221; animation_direction=&#8221;top&#8221;][et_pb_slide use_text_overlay=&#8221;on&#8221; text_overlay_color=&#8221;rgba(153,189,92,0.76)&#8221; _builder_version=&#8221;3.19.15&#8243; header_font=&#8221;||||||||&#8221; header_text_shadow_style=&#8221;preset2&#8243; body_font=&#8221;||||||||&#8221; body_text_shadow_style=&#8221;preset2&#8243; background_image=&#8221;http:\/\/www.dinalink.com\/wp-content\/uploads\/2019\/02\/res_6.jpg&#8221;]EN DINALINK, CONCEBIMOS LA INNOVACI\u00d3N, COMO UN PILAR ESTRAT\u00c9GICO Y UNA FORMA DE DESARROLLAR DE MANERA INTEGRAL EL NEGOCIO DE [&hellip;]<\/p>\n","protected":false},"author":1,"featured_media":0,"parent":0,"menu_order":0,"comment_status":"closed","ping_status":"closed","template":"","meta":{"_et_pb_use_builder":"on","_et_pb_old_content":""},"_links":{"self":[{"href":"http:\/\/www.dinalink.com\/index.php?rest_route=\/wp\/v2\/pages\/60"}],"collection":[{"href":"http:\/\/www.dinalink.com\/index.php?rest_route=\/wp\/v2\/pages"}],"about":[{"href":"http:\/\/www.dinalink.com\/index.php?rest_route=\/wp\/v2\/types\/page"}],"author":[{"embeddable":true,"href":"http:\/\/www.dinalink.com\/index.php?rest_route=\/wp\/v2\/users\/1"}],"replies":[{"embeddable":true,"href":"http:\/\/www.dinalink.com\/index.php?rest_route=%2Fwp%2Fv2%2Fcomments&post=60"}],"version-history":[{"count":13,"href":"http:\/\/www.dinalink.com\/index.php?rest_route=\/wp\/v2\/pages\/60\/revisions"}],"predecessor-version":[{"id":533,"href":"http:\/\/www.dinalink.com\/index.php?rest_route=\/wp\/v2\/pages\/60\/revisions\/533"}],"wp:attachment":[{"href":"http:\/\/www.dinalink.com\/index.php?rest_route=%2Fwp%2Fv2%2Fmedia&parent=60"}],"curies":[{"name":"wp","href":"https:\/\/api.w.org\/{rel}","templated":true}]}}