{"id":251,"date":"2019-02-20T01:06:23","date_gmt":"2019-02-20T01:06:23","guid":{"rendered":"http:\/\/www.dinalink.com\/?page_id=251"},"modified":"2019-02-22T10:59:45","modified_gmt":"2019-02-22T15:59:45","slug":"preventivo","status":"publish","type":"page","link":"http:\/\/www.dinalink.com\/?page_id=251","title":{"rendered":"Preventivo"},"content":{"rendered":"<p>[et_pb_section fb_built=&#8221;1&#8243; _builder_version=&#8221;3.19.14&#8243; background_color=&#8221;#2d3f73&#8243; custom_margin=&#8221;||&#8221; custom_padding=&#8221;0px||30px||false|false&#8221;][et_pb_row use_custom_width=&#8221;on&#8221; width_unit=&#8221;off&#8221; custom_padding=&#8221;0px||0px||true&#8221; custom_margin=&#8221;0px||0px||true&#8221; _builder_version=&#8221;3.19.3&#8243; background_size=&#8221;initial&#8221; background_position=&#8221;top_left&#8221; background_repeat=&#8221;repeat&#8221; box_shadow_style=&#8221;preset1&#8243;][et_pb_column type=&#8221;4_4&#8243; _builder_version=&#8221;3.0.47&#8243;][et_pb_slider module_class=&#8221;top_slide&#8221; _builder_version=&#8221;3.19.15&#8243; body_font=&#8221;||||||||&#8221; text_orientation=&#8221;justified&#8221; custom_margin=&#8221;|0px||&#8221; animation_style=&#8221;fold&#8221; animation_direction=&#8221;top&#8221;][et_pb_slide use_text_overlay=&#8221;on&#8221; text_overlay_color=&#8221;rgba(66,92,169,0.76)&#8221; _builder_version=&#8221;3.19.15&#8243; header_font=&#8221;||||||||&#8221; header_text_shadow_style=&#8221;preset2&#8243; body_font=&#8221;||||||||&#8221; body_text_shadow_style=&#8221;preset2&#8243; background_image=&#8221;http:\/\/www.dinalink.com\/wp-content\/uploads\/2019\/02\/Rack_assem.jpg&#8221;]INTEGRAMOS LA VISI\u00d3N END TO END O PERSPECTIVA GLOBAL, CUYO FIN ES HACER QUE LOS PROCESOS DE TODAS LAS \u00c1REAS -QUE FORMAN PARTE DE LOS OPERADORES DE TELECOMUNICACIONES (LA LOG\u00cdSTICA, EL ALMACENAJE, EL TRANSPORTE, LA PRODUCCI\u00d3N Y EL MANEJO DE PERSONAL)- CUMPLAN CON LOS TIEMPOS Y OPTIMICEN LA CALIDAD.<br \/>ESTO FACILITA LA MEJORA CONTINUA Y LA EFICIENCIA SOBRE LOS RECURSOS.[\/et_pb_slide][\/et_pb_slider][\/et_pb_column][\/et_pb_row][\/et_pb_section][et_pb_section fb_built=&#8221;1&#8243; _builder_version=&#8221;3.19.14&#8243; custom_margin=&#8221;0px||&#8221; custom_padding=&#8221;120px||||false|false&#8221; top_divider_style=&#8221;arrow2&#8243; top_divider_color=&#8221;#2d3f73&#8243;][et_pb_row _builder_version=&#8221;3.19.3&#8243;][et_pb_column type=&#8221;4_4&#8243; _builder_version=&#8221;3.19.3&#8243;][et_pb_text _builder_version=&#8221;3.19.15&#8243; header_font=&#8221;Ubuntu||||||||&#8221; header_2_font=&#8221;Josefin Sans|600||on|||||&#8221; header_2_text_align=&#8221;left&#8221; header_2_text_color=&#8221;#425ca9&#8243; header_2_font_size=&#8221;3em&#8221; header_2_text_shadow_style=&#8221;preset2&#8243; header_2_text_shadow_color=&#8221;rgba(0,0,0,0.2)&#8221;]<\/p>\n<h2>PREVENTIVO<\/h2>\n<p>[\/et_pb_text][\/et_pb_column][\/et_pb_row][et_pb_row _builder_version=&#8221;3.19.15&#8243;][et_pb_column type=&#8221;2_3&#8243; _builder_version=&#8221;3.19.15&#8243;][et_pb_text _builder_version=&#8221;3.19.15&#8243; text_font=&#8221;Josefin Sans|300|||||||&#8221; text_font_size=&#8221;22px&#8221; text_text_shadow_style=&#8221;preset1&#8243; text_orientation=&#8221;justified&#8221; max_width=&#8221;65%&#8221;]<\/p>\n<p><span style=\"font-size: 22px;\"> <span class=\"fontstyle0\">El mantenimiento preventivo consiste en revisar, de manera integral, a los equipos de telecomunicaciones\u00a0para que est\u00e9n disponibles para su uso en \u00f3ptimas condiciones. <\/p>\n<p>Para ejecutar el mantenimiento preventivo, se emplea la metodolog\u00eda de desempe\u00f1o efectivo \u2013por sus siglas en ingl\u00e9s Overall Equipment Effectiveness (OEE)\u2013 la cual mide las variables:<\/p>\n<p>Disponibilidad de la red, <br \/>El desempe\u00f1o y la calidad.<\/p>\n<p>As\u00ed, el OEE funciona como un indicador que permite mejorar el desempe\u00f1o de los equipos, creando eficiencias y soluciones que crean un rendimiento \u00f3ptimo.<\/span><\/span><\/p>\n<p>[\/et_pb_text][\/et_pb_column][et_pb_column type=&#8221;1_3&#8243; _builder_version=&#8221;3.19.15&#8243;][et_pb_image src=&#8221;http:\/\/www.dinalink.com\/wp-content\/uploads\/2019\/02\/Asset-19-2x.png&#8221; _builder_version=&#8221;3.19.15&#8243;][\/et_pb_image][\/et_pb_column][\/et_pb_row][\/et_pb_section][et_pb_section fb_built=&#8221;1&#8243; _builder_version=&#8221;3.19.15&#8243; background_color=&#8221;#425ca9&#8243; global_module=&#8221;289&#8243;][et_pb_row custom_padding=&#8221;27px|0px|16px|0px|false|false&#8221; _builder_version=&#8221;3.19.15&#8243;][et_pb_column type=&#8221;1_3&#8243; _builder_version=&#8221;3.19.15&#8243;][et_pb_text _builder_version=&#8221;3.19.15&#8243; text_font=&#8221;||||||||&#8221; header_font=&#8221;||||||||&#8221; header_2_font=&#8221;Josefin Sans|||on|||||&#8221; header_2_text_shadow_style=&#8221;preset1&#8243; background_layout=&#8221;dark&#8221;]<\/p>\n<h2>SOBRE DINALINK<\/h2>\n<p>[\/et_pb_text][et_pb_blurb title=&#8221;\u00bfQui\u00e9nes somos?&#8221; url=&#8221;\/sobre-dinalink\/quienes-somos\/&#8221; use_icon=&#8221;on&#8221; font_icon=&#8221;%%20%%&#8221; icon_color=&#8221;#e2b42b&#8221; icon_placement=&#8221;left&#8221; _builder_version=&#8221;3.19.15&#8243; header_font=&#8221;Josefin Sans|300|||||||&#8221; header_text_color=&#8221;#ffffff&#8221; header_font_size=&#8221;22px&#8221; border_width_bottom=&#8221;3px&#8221; border_color_bottom=&#8221;#7487bc&#8221; background_layout=&#8221;dark&#8221; custom_padding=&#8221;||4px&#8221;][\/et_pb_blurb][et_pb_blurb title=&#8221;Misi\u00f3n y Visi\u00f3n&#8221; url=&#8221;\/sobre-dinalink\/mision-y-vision\/&#8221; use_icon=&#8221;on&#8221; font_icon=&#8221;%%20%%&#8221; icon_color=&#8221;#e2b42b&#8221; icon_placement=&#8221;left&#8221; _builder_version=&#8221;3.19.15&#8243; header_font=&#8221;Josefin Sans|300|||||||&#8221; header_text_color=&#8221;#ffffff&#8221; header_font_size=&#8221;22px&#8221; border_width_bottom=&#8221;3px&#8221; border_color_bottom=&#8221;#7487bc&#8221; background_layout=&#8221;dark&#8221; custom_padding=&#8221;||4px&#8221;][\/et_pb_blurb][et_pb_blurb title=&#8221;Nuestro Equipo&#8221; url=&#8221;\/sobre-dinalink\/nuestro-equipo\/&#8221; use_icon=&#8221;on&#8221; font_icon=&#8221;%%20%%&#8221; icon_color=&#8221;#e2b42b&#8221; icon_placement=&#8221;left&#8221; _builder_version=&#8221;3.19.15&#8243; header_font=&#8221;Josefin Sans|300|||||||&#8221; header_text_color=&#8221;#ffffff&#8221; header_font_size=&#8221;22px&#8221; border_width_bottom=&#8221;3px&#8221; border_color_bottom=&#8221;#7487bc&#8221; background_layout=&#8221;dark&#8221; custom_padding=&#8221;||4px&#8221;][\/et_pb_blurb][\/et_pb_column][et_pb_column type=&#8221;1_3&#8243; _builder_version=&#8221;3.19.15&#8243;][et_pb_text _builder_version=&#8221;3.19.15&#8243; text_font=&#8221;||||||||&#8221; header_font=&#8221;||||||||&#8221; header_2_font=&#8221;Josefin Sans|||on|||||&#8221; header_2_text_shadow_style=&#8221;preset1&#8243; background_layout=&#8221;dark&#8221;]<\/p>\n<h2>Productos y Servicios<\/h2>\n<p>[\/et_pb_text][et_pb_blurb title=&#8221;Instalaci\u00f3n&#8221; url=&#8221;\/productos-y-servicios\/instalacion\/&#8221; use_icon=&#8221;on&#8221; font_icon=&#8221;%%20%%&#8221; icon_color=&#8221;#e2b42b&#8221; icon_placement=&#8221;left&#8221; _builder_version=&#8221;3.19.15&#8243; header_font=&#8221;Josefin Sans|300|||||||&#8221; header_text_color=&#8221;#ffffff&#8221; header_font_size=&#8221;22px&#8221; border_width_bottom=&#8221;3px&#8221; border_color_bottom=&#8221;#7487bc&#8221; background_layout=&#8221;dark&#8221; custom_padding=&#8221;||4px&#8221;][\/et_pb_blurb][et_pb_blurb title=&#8221;Mantenimiento&#8221; url=&#8221;\/productos-y-servicios\/instalacion\/&#8221; use_icon=&#8221;on&#8221; font_icon=&#8221;%%20%%&#8221; icon_color=&#8221;#e2b42b&#8221; icon_placement=&#8221;left&#8221; _builder_version=&#8221;3.19.15&#8243; header_font=&#8221;Josefin Sans|300|||||||&#8221; header_text_color=&#8221;#ffffff&#8221; header_font_size=&#8221;22px&#8221; border_width_bottom=&#8221;3px&#8221; border_color_bottom=&#8221;#7487bc&#8221; background_layout=&#8221;dark&#8221; custom_padding=&#8221;||4px&#8221;][\/et_pb_blurb][et_pb_blurb title=&#8221;Supervisi\u00f3n&#8221; url=&#8221;\/productos-y-servicios\/instalacion\/&#8221; use_icon=&#8221;on&#8221; font_icon=&#8221;%%20%%&#8221; icon_color=&#8221;#e2b42b&#8221; icon_placement=&#8221;left&#8221; _builder_version=&#8221;3.19.15&#8243; header_font=&#8221;Josefin Sans|300|||||||&#8221; header_text_color=&#8221;#ffffff&#8221; header_font_size=&#8221;22px&#8221; border_width_bottom=&#8221;3px&#8221; border_color_bottom=&#8221;#7487bc&#8221; background_layout=&#8221;dark&#8221; custom_padding=&#8221;||4px&#8221;][\/et_pb_blurb][\/et_pb_column][et_pb_column type=&#8221;1_3&#8243; _builder_version=&#8221;3.19.15&#8243;][et_pb_text _builder_version=&#8221;3.19.15&#8243; text_font=&#8221;||||||||&#8221; header_font=&#8221;||||||||&#8221; header_2_font=&#8221;Josefin Sans|||on|||||&#8221; header_2_text_shadow_style=&#8221;preset1&#8243; background_layout=&#8221;dark&#8221;]<\/p>\n<h2>ContActo<\/h2>\n<p>[\/et_pb_text][et_pb_blurb url=&#8221;\/productos-y-servicios\/instalacion\/&#8221; use_icon=&#8221;on&#8221; font_icon=&#8221;%%236%%&#8221; icon_color=&#8221;#e2b42b&#8221; icon_placement=&#8221;left&#8221; _builder_version=&#8221;3.19.15&#8243; header_font=&#8221;Josefin Sans|300|||||||&#8221; header_text_color=&#8221;#e2b42b&#8221; header_font_size=&#8221;22px&#8221; body_font=&#8221;Josefin Sans|300|||||||&#8221; body_text_align=&#8221;left&#8221; body_font_size=&#8221;16px&#8221; body_text_shadow_style=&#8221;preset1&#8243; border_width_bottom=&#8221;1px&#8221; border_color_bottom=&#8221;#7487bc&#8221; background_layout=&#8221;dark&#8221; custom_padding=&#8221;||4px&#8221;]<\/p>\n<p><span class=\"fontstyle0\">Jos\u00e9 Arizaga E3-37 y Jorge Drom.<br \/> Edificio Aristo Plaza.<br \/> Piso 4, Oficina 41<br \/> Quito, Ecuador<\/span><\/p>\n<p>[\/et_pb_blurb][et_pb_blurb url=&#8221;\/productos-y-servicios\/instalacion\/&#8221; use_icon=&#8221;on&#8221; font_icon=&#8221;%%236%%&#8221; icon_color=&#8221;#e2b42b&#8221; icon_placement=&#8221;left&#8221; _builder_version=&#8221;3.19.15&#8243; header_font=&#8221;Josefin Sans|300|||||||&#8221; header_text_color=&#8221;#e2b42b&#8221; header_font_size=&#8221;22px&#8221; body_font=&#8221;Josefin Sans|300|||||||&#8221; body_text_align=&#8221;left&#8221; body_font_size=&#8221;16px&#8221; body_text_shadow_style=&#8221;preset1&#8243; border_width_bottom=&#8221;1px&#8221; border_color_bottom=&#8221;#7487bc&#8221; background_layout=&#8221;dark&#8221; custom_padding=&#8221;||4px&#8221;]<\/p>\n<p><span class=\"fontstyle0\">Samanes 6, Manzana 944, Casa 34<br \/> Guayaquil, Ecuador<\/span><\/p>\n<p>[\/et_pb_blurb][et_pb_blurb url=&#8221;\/productos-y-servicios\/instalacion\/&#8221; use_icon=&#8221;on&#8221; font_icon=&#8221;%%264%%&#8221; icon_color=&#8221;#e2b42b&#8221; icon_placement=&#8221;left&#8221; _builder_version=&#8221;3.19.15&#8243; header_font=&#8221;Josefin Sans|300|||||||&#8221; header_text_color=&#8221;#e2b42b&#8221; header_font_size=&#8221;22px&#8221; body_font=&#8221;Josefin Sans|300|||||||&#8221; body_text_align=&#8221;left&#8221; body_font_size=&#8221;16px&#8221; body_text_shadow_style=&#8221;preset1&#8243; background_layout=&#8221;dark&#8221; custom_padding=&#8221;||4px&#8221;]<\/p>\n<p><span class=\"fontstyle0\">(593) 39 45 210<br \/>(593) 39 45 230<\/span> <\/p>\n<p>[\/et_pb_blurb][\/et_pb_column][\/et_pb_row][et_pb_row custom_padding=&#8221;25px||0px&#8221; custom_margin=&#8221;25px||&#8221; _builder_version=&#8221;3.19.15&#8243; border_width_top=&#8221;4px&#8221; border_color_top=&#8221;#ffffff&#8221;][et_pb_column type=&#8221;1_3&#8243; _builder_version=&#8221;3.19.15&#8243;][\/et_pb_column][et_pb_column type=&#8221;1_3&#8243; _builder_version=&#8221;3.19.15&#8243;][et_pb_text _builder_version=&#8221;3.19.15&#8243; text_font=&#8221;Josefin Sans|600||on|||||&#8221; text_text_shadow_style=&#8221;preset1&#8243; header_font=&#8221;||||||||&#8221; header_2_font=&#8221;Josefin Sans||||||||&#8221; header_2_font_size=&#8221;20px&#8221; header_2_text_shadow_style=&#8221;preset1&#8243; text_orientation=&#8221;right&#8221; background_layout=&#8221;dark&#8221; link_option_url=&#8221;\/terminos-de-uso\/&#8221;]<\/p>\n<h2>T\u00c9RMINOS DE USO<\/h2>\n<p>[\/et_pb_text][\/et_pb_column][et_pb_column type=&#8221;1_3&#8243; _builder_version=&#8221;3.19.15&#8243;][et_pb_text _builder_version=&#8221;3.19.15&#8243; text_font=&#8221;Josefin Sans|600||on|||||&#8221; text_text_shadow_style=&#8221;preset1&#8243; header_font=&#8221;||||||||&#8221; header_2_font=&#8221;Josefin Sans||||||||&#8221; header_2_font_size=&#8221;20px&#8221; header_2_text_shadow_style=&#8221;preset1&#8243; text_orientation=&#8221;right&#8221; background_layout=&#8221;dark&#8221; link_option_url=&#8221;\/politicas-de-privacidad\/&#8221;]<\/p>\n<h2>POL\u00cdTICA DE PRIVACIDAD<\/h2>\n<p>[\/et_pb_text][\/et_pb_column][\/et_pb_row][\/et_pb_section]<\/p>\n","protected":false},"excerpt":{"rendered":"<p>[et_pb_section fb_built=&#8221;1&#8243; _builder_version=&#8221;3.19.14&#8243; background_color=&#8221;#2d3f73&#8243; custom_margin=&#8221;||&#8221; custom_padding=&#8221;0px||30px||false|false&#8221;][et_pb_row use_custom_width=&#8221;on&#8221; width_unit=&#8221;off&#8221; custom_padding=&#8221;0px||0px||true&#8221; custom_margin=&#8221;0px||0px||true&#8221; _builder_version=&#8221;3.19.3&#8243; background_size=&#8221;initial&#8221; background_position=&#8221;top_left&#8221; background_repeat=&#8221;repeat&#8221; box_shadow_style=&#8221;preset1&#8243;][et_pb_column type=&#8221;4_4&#8243; _builder_version=&#8221;3.0.47&#8243;][et_pb_slider module_class=&#8221;top_slide&#8221; _builder_version=&#8221;3.19.15&#8243; body_font=&#8221;||||||||&#8221; text_orientation=&#8221;justified&#8221; custom_margin=&#8221;|0px||&#8221; animation_style=&#8221;fold&#8221; animation_direction=&#8221;top&#8221;][et_pb_slide use_text_overlay=&#8221;on&#8221; text_overlay_color=&#8221;rgba(66,92,169,0.76)&#8221; _builder_version=&#8221;3.19.15&#8243; header_font=&#8221;||||||||&#8221; header_text_shadow_style=&#8221;preset2&#8243; body_font=&#8221;||||||||&#8221; body_text_shadow_style=&#8221;preset2&#8243; background_image=&#8221;http:\/\/www.dinalink.com\/wp-content\/uploads\/2019\/02\/Rack_assem.jpg&#8221;]INTEGRAMOS LA VISI\u00d3N END TO END O PERSPECTIVA GLOBAL, CUYO FIN ES HACER QUE LOS PROCESOS DE TODAS LAS \u00c1REAS -QUE FORMAN PARTE DE [&hellip;]<\/p>\n","protected":false},"author":1,"featured_media":0,"parent":247,"menu_order":0,"comment_status":"closed","ping_status":"closed","template":"","meta":{"_et_pb_use_builder":"on","_et_pb_old_content":""},"_links":{"self":[{"href":"http:\/\/www.dinalink.com\/index.php?rest_route=\/wp\/v2\/pages\/251"}],"collection":[{"href":"http:\/\/www.dinalink.com\/index.php?rest_route=\/wp\/v2\/pages"}],"about":[{"href":"http:\/\/www.dinalink.com\/index.php?rest_route=\/wp\/v2\/types\/page"}],"author":[{"embeddable":true,"href":"http:\/\/www.dinalink.com\/index.php?rest_route=\/wp\/v2\/users\/1"}],"replies":[{"embeddable":true,"href":"http:\/\/www.dinalink.com\/index.php?rest_route=%2Fwp%2Fv2%2Fcomments&post=251"}],"version-history":[{"count":5,"href":"http:\/\/www.dinalink.com\/index.php?rest_route=\/wp\/v2\/pages\/251\/revisions"}],"predecessor-version":[{"id":492,"href":"http:\/\/www.dinalink.com\/index.php?rest_route=\/wp\/v2\/pages\/251\/revisions\/492"}],"up":[{"embeddable":true,"href":"http:\/\/www.dinalink.com\/index.php?rest_route=\/wp\/v2\/pages\/247"}],"wp:attachment":[{"href":"http:\/\/www.dinalink.com\/index.php?rest_route=%2Fwp%2Fv2%2Fmedia&parent=251"}],"curies":[{"name":"wp","href":"https:\/\/api.w.org\/{rel}","templated":true}]}}