{"id":234,"date":"2019-02-19T23:34:15","date_gmt":"2019-02-20T04:34:15","guid":{"rendered":"http:\/\/www.dinalink.com\/?page_id=234"},"modified":"2019-08-02T01:04:47","modified_gmt":"2019-08-02T06:04:47","slug":"redes-moviles","status":"publish","type":"page","link":"http:\/\/www.dinalink.com\/?page_id=234","title":{"rendered":"Redes M\u00f3viles"},"content":{"rendered":"<p>[et_pb_section fb_built=&#8221;1&#8243; _builder_version=&#8221;3.22&#8243; background_color=&#8221;#2d3f73&#8243; custom_margin=&#8221;||&#8221; custom_padding=&#8221;0px||30px||false|false&#8221;][et_pb_row _builder_version=&#8221;3.25&#8243; background_size=&#8221;initial&#8221; background_position=&#8221;top_left&#8221; background_repeat=&#8221;repeat&#8221; box_shadow_style=&#8221;preset1&#8243; max_width=&#8221;80%&#8221; custom_margin=&#8221;0px||0px||true&#8221; custom_padding=&#8221;0px||0px||true&#8221; use_custom_width=&#8221;on&#8221; width_unit=&#8221;off&#8221;][et_pb_column type=&#8221;4_4&#8243; _builder_version=&#8221;3.25&#8243; custom_padding=&#8221;|||&#8221; custom_padding__hover=&#8221;|||&#8221;][et_pb_slider module_class=&#8221;top_slide&#8221; _builder_version=&#8221;3.26.6&#8243; body_font=&#8221;||||||||&#8221; text_orientation=&#8221;right&#8221; custom_margin=&#8221;|0px||&#8221; animation_style=&#8221;fold&#8221; animation_direction=&#8221;top&#8221;][et_pb_slide use_text_overlay=&#8221;on&#8221; text_overlay_color=&#8221;rgba(66,92,169,0.76)&#8221; _builder_version=&#8221;3.26.6&#8243; header_font=&#8221;||||||||&#8221; header_text_shadow_style=&#8221;preset2&#8243; body_font=&#8221;||||||||&#8221; body_text_shadow_style=&#8221;preset2&#8243; background_image=&#8221;http:\/\/www.dinalink.com\/wp-content\/uploads\/2019\/08\/mobile_network.jpg&#8221; background_enable_image=&#8221;on&#8221; use_background_color_gradient=&#8221;on&#8221; background_color_gradient_start=&#8221;rgba(20,59,112,0.6)&#8221; background_color_gradient_start_preview=&#8221;#143b70&#8243; background_color_gradient_overlays_image=&#8221;on&#8221; background_color_gradient_end=&#8221;rgba(14,77,161,0.2)&#8221; background_color_gradient_end_preview=&#8221;#0e4da1&#8243;]CREEMOS FIRMEMENTE QUE LA FLEXIBILIDAD Y QUE LA SIMPLICIDAD GENERA SISTEMAS CON ALTA CAPACIDAD DE CONECTIVIDAD. TRABAJAMOS EN LA INSTALACI\u00d3N Y EN EL MANTENIMIENTO DE EQUIPOS DE TELECOMUNICACIONES[\/et_pb_slide][\/et_pb_slider][\/et_pb_column][\/et_pb_row][\/et_pb_section][et_pb_section fb_built=&#8221;1&#8243; _builder_version=&#8221;3.22&#8243; custom_margin=&#8221;0px||&#8221; custom_padding=&#8221;120px||||false|false&#8221; top_divider_style=&#8221;arrow2&#8243; top_divider_color=&#8221;#2d3f73&#8243;][et_pb_row _builder_version=&#8221;3.25&#8243; column_structure=&#8221;2_3,1_3&#8243;][et_pb_column type=&#8221;2_3&#8243; _builder_version=&#8221;3.25&#8243; custom_padding=&#8221;|||&#8221; custom_padding__hover=&#8221;|||&#8221;][et_pb_text _builder_version=&#8221;3.26.6&#8243; header_font=&#8221;Ubuntu||||||||&#8221; header_2_font=&#8221;Josefin Sans|600||on|||||&#8221; header_2_text_align=&#8221;left&#8221; header_2_text_color=&#8221;#425ca9&#8243; header_2_font_size=&#8221;3em&#8221; header_2_text_shadow_style=&#8221;preset2&#8243; header_2_text_shadow_color=&#8221;rgba(0,0,0,0.2)&#8221;]<\/p>\n<h2>Redes M\u00f3viles<\/h2>\n<p>[\/et_pb_text][et_pb_text _builder_version=&#8221;3.26.6&#8243; text_font=&#8221;Josefin Sans|300|||||||&#8221; text_font_size=&#8221;22px&#8221; text_text_shadow_style=&#8221;preset1&#8243;]<\/p>\n<p><span class=\"fontstyle0\">Se conoce como red movil a aquella red de acceso inal\u00e1mbrico en la que el equipo terminal o equipo del usuario tiene la libertad de movimiento en el \u00e1rea de cobertura mientras la conexi\u00f3n se mantiene activa. Las redes m\u00f3viles han evolucionado desde la primera generaci\u00f3n mientras en la actualidad ya se despliegan en el mundo las primeras redes comerciales de quinta generacion o 5G.<\/p>\n<p>Dinalink, le ofrece a sus clientes servicios de instalaci\u00f3n, operaci\u00f3n y mantenimiento de redes m\u00f3viles, nos basamos en nuestra experiencia en despliegue de redes de 2G, 3G, 4G y 4.5G tanto en CORE como en acceso.<\/span><\/p>\n<p>Basados en nuestra premisa del servicio end to end, ofrecemos servicios completos a saber:<br \/> \u2022 Estudio de factibilidad del sitio<br \/> \u2022 Definici\u00f3n de ingenier\u00eda de detalle<br \/> \u2022 Sistema radiante<br \/> \u2022 Nodos<br \/> \u2022 Comisionamiento<br \/> \u2022 Pruebas<\/p>\n<p>[\/et_pb_text][\/et_pb_column][et_pb_column type=&#8221;1_3&#8243; _builder_version=&#8221;3.25&#8243; custom_padding=&#8221;|||&#8221; custom_padding__hover=&#8221;|||&#8221;][et_pb_image src=&#8221;http:\/\/www.dinalink.com\/wp-content\/uploads\/2019\/02\/Asset-15-2x.png&#8221; align_tablet=&#8221;center&#8221; align_last_edited=&#8221;on|desktop&#8221; _builder_version=&#8221;3.23&#8243;][\/et_pb_image][\/et_pb_column][\/et_pb_row][et_pb_row _builder_version=&#8221;3.25&#8243;][et_pb_column type=&#8221;4_4&#8243; _builder_version=&#8221;3.25&#8243; custom_padding=&#8221;|||&#8221; custom_padding__hover=&#8221;|||&#8221;][et_pb_image src=&#8221;http:\/\/www.dinalink.com\/wp-content\/uploads\/2019\/02\/Asset-16-2x.png&#8221; align_tablet=&#8221;center&#8221; align_last_edited=&#8221;on|desktop&#8221; _builder_version=&#8221;3.23&#8243;][\/et_pb_image][\/et_pb_column][\/et_pb_row][\/et_pb_section][et_pb_section fb_built=&#8221;1&#8243; _builder_version=&#8221;3.19.15&#8243; background_color=&#8221;#425ca9&#8243; global_module=&#8221;289&#8243;][et_pb_row column_structure=&#8221;1_3,1_3,1_3&#8243; _builder_version=&#8221;3.25&#8243; custom_padding=&#8221;27px|0px|16px|0px|false|false&#8221;][et_pb_column type=&#8221;1_3&#8243; _builder_version=&#8221;3.25&#8243; custom_padding=&#8221;|||&#8221; custom_padding__hover=&#8221;|||&#8221;][et_pb_text _builder_version=&#8221;3.19.15&#8243; text_font=&#8221;||||||||&#8221; header_font=&#8221;||||||||&#8221; header_2_font=&#8221;Josefin Sans|||on|||||&#8221; header_2_text_shadow_style=&#8221;preset1&#8243; background_layout=&#8221;dark&#8221;]<\/p>\n<h2>SOBRE DINALINK<\/h2>\n<p>[\/et_pb_text][et_pb_blurb title=&#8221;\u00bfQui\u00e9nes somos?&#8221; url=&#8221;http:\/\/www.dinalink.com\/?page_id=128&#8243; use_icon=&#8221;on&#8221; font_icon=&#8221;%%20%%&#8221; icon_color=&#8221;#e2b42b&#8221; icon_placement=&#8221;left&#8221; _builder_version=&#8221;3.19.17&#8243; header_font=&#8221;Josefin Sans|300|||||||&#8221; header_text_color=&#8221;#ffffff&#8221; header_font_size=&#8221;22px&#8221; border_width_bottom=&#8221;3px&#8221; border_color_bottom=&#8221;#7487bc&#8221; background_layout=&#8221;dark&#8221; custom_padding=&#8221;||4px&#8221;][\/et_pb_blurb][et_pb_blurb title=&#8221;Misi\u00f3n y Visi\u00f3n&#8221; url=&#8221;http:\/\/www.dinalink.com\/?page_id=158&#8243; use_icon=&#8221;on&#8221; font_icon=&#8221;%%20%%&#8221; icon_color=&#8221;#e2b42b&#8221; icon_placement=&#8221;left&#8221; _builder_version=&#8221;3.19.17&#8243; header_font=&#8221;Josefin Sans|300|||||||&#8221; header_text_color=&#8221;#ffffff&#8221; header_font_size=&#8221;22px&#8221; border_width_bottom=&#8221;3px&#8221; border_color_bottom=&#8221;#7487bc&#8221; background_layout=&#8221;dark&#8221; custom_padding=&#8221;||4px&#8221;][\/et_pb_blurb][et_pb_blurb title=&#8221;Nuestro Equipo&#8221; url=&#8221;http:\/\/www.dinalink.com\/?page_id=146&#8243; use_icon=&#8221;on&#8221; font_icon=&#8221;%%20%%&#8221; icon_color=&#8221;#e2b42b&#8221; icon_placement=&#8221;left&#8221; _builder_version=&#8221;3.19.17&#8243; header_font=&#8221;Josefin Sans|300|||||||&#8221; header_text_color=&#8221;#ffffff&#8221; header_font_size=&#8221;22px&#8221; border_width_bottom=&#8221;3px&#8221; border_color_bottom=&#8221;#7487bc&#8221; background_layout=&#8221;dark&#8221; custom_padding=&#8221;||4px&#8221;][\/et_pb_blurb][\/et_pb_column][et_pb_column type=&#8221;1_3&#8243; _builder_version=&#8221;3.25&#8243; custom_padding=&#8221;|||&#8221; custom_padding__hover=&#8221;|||&#8221;][et_pb_text _builder_version=&#8221;3.19.15&#8243; text_font=&#8221;||||||||&#8221; header_font=&#8221;||||||||&#8221; header_2_font=&#8221;Josefin Sans|||on|||||&#8221; header_2_text_shadow_style=&#8221;preset1&#8243; background_layout=&#8221;dark&#8221;]<\/p>\n<h2>Productos y Servicios<\/h2>\n<p>[\/et_pb_text][et_pb_blurb title=&#8221;Instalaci\u00f3n&#8221; url=&#8221;http:\/\/www.dinalink.com\/?page_id=167&#8243; use_icon=&#8221;on&#8221; font_icon=&#8221;%%20%%&#8221; icon_color=&#8221;#e2b42b&#8221; icon_placement=&#8221;left&#8221; _builder_version=&#8221;3.19.17&#8243; header_font=&#8221;Josefin Sans|300|||||||&#8221; header_text_color=&#8221;#ffffff&#8221; header_font_size=&#8221;22px&#8221; border_width_bottom=&#8221;3px&#8221; border_color_bottom=&#8221;#7487bc&#8221; background_layout=&#8221;dark&#8221; custom_padding=&#8221;||4px&#8221;][\/et_pb_blurb][et_pb_blurb title=&#8221;Mantenimiento&#8221; url=&#8221;http:\/\/www.dinalink.com\/?page_id=247&#8243; use_icon=&#8221;on&#8221; font_icon=&#8221;%%20%%&#8221; icon_color=&#8221;#e2b42b&#8221; icon_placement=&#8221;left&#8221; _builder_version=&#8221;3.19.17&#8243; header_font=&#8221;Josefin Sans|300|||||||&#8221; header_text_color=&#8221;#ffffff&#8221; header_font_size=&#8221;22px&#8221; border_width_bottom=&#8221;3px&#8221; border_color_bottom=&#8221;#7487bc&#8221; background_layout=&#8221;dark&#8221; custom_padding=&#8221;||4px&#8221;][\/et_pb_blurb][et_pb_blurb title=&#8221;Supervisi\u00f3n&#8221; url=&#8221;http:\/\/www.dinalink.com\/?page_id=263&#8243; use_icon=&#8221;on&#8221; font_icon=&#8221;%%20%%&#8221; icon_color=&#8221;#e2b42b&#8221; icon_placement=&#8221;left&#8221; _builder_version=&#8221;3.19.17&#8243; header_font=&#8221;Josefin Sans|300|||||||&#8221; header_text_color=&#8221;#ffffff&#8221; header_font_size=&#8221;22px&#8221; border_width_bottom=&#8221;3px&#8221; border_color_bottom=&#8221;#7487bc&#8221; background_layout=&#8221;dark&#8221; custom_padding=&#8221;||4px&#8221;][\/et_pb_blurb][\/et_pb_column][et_pb_column type=&#8221;1_3&#8243; _builder_version=&#8221;3.25&#8243; custom_padding=&#8221;|||&#8221; custom_padding__hover=&#8221;|||&#8221;][et_pb_text _builder_version=&#8221;3.19.15&#8243; text_font=&#8221;||||||||&#8221; header_font=&#8221;||||||||&#8221; header_2_font=&#8221;Josefin Sans|||on|||||&#8221; header_2_text_shadow_style=&#8221;preset1&#8243; background_layout=&#8221;dark&#8221;]<\/p>\n<h2>ContActo<\/h2>\n<p>[\/et_pb_text][et_pb_blurb url=&#8221;\/productos-y-servicios\/instalacion\/&#8221; use_icon=&#8221;on&#8221; font_icon=&#8221;%%236%%&#8221; icon_color=&#8221;#e2b42b&#8221; icon_placement=&#8221;left&#8221; _builder_version=&#8221;3.19.15&#8243; header_font=&#8221;Josefin Sans|300|||||||&#8221; header_text_color=&#8221;#e2b42b&#8221; header_font_size=&#8221;22px&#8221; body_font=&#8221;Josefin Sans|300|||||||&#8221; body_text_align=&#8221;left&#8221; body_font_size=&#8221;16px&#8221; body_text_shadow_style=&#8221;preset1&#8243; border_width_bottom=&#8221;1px&#8221; border_color_bottom=&#8221;#7487bc&#8221; background_layout=&#8221;dark&#8221; custom_padding=&#8221;||4px&#8221;]<\/p>\n<p><span class=\"fontstyle0\">Jos\u00e9 Arizaga E3-37 y Jorge Drom.<br \/> Edificio Aristo Plaza.<br \/> Piso 4, Oficina 41<br \/> Quito, Ecuador<\/span><\/p>\n<p>[\/et_pb_blurb][et_pb_blurb url=&#8221;\/productos-y-servicios\/instalacion\/&#8221; use_icon=&#8221;on&#8221; font_icon=&#8221;%%236%%&#8221; icon_color=&#8221;#e2b42b&#8221; icon_placement=&#8221;left&#8221; _builder_version=&#8221;3.19.15&#8243; header_font=&#8221;Josefin Sans|300|||||||&#8221; header_text_color=&#8221;#e2b42b&#8221; header_font_size=&#8221;22px&#8221; body_font=&#8221;Josefin Sans|300|||||||&#8221; body_text_align=&#8221;left&#8221; body_font_size=&#8221;16px&#8221; body_text_shadow_style=&#8221;preset1&#8243; border_width_bottom=&#8221;1px&#8221; border_color_bottom=&#8221;#7487bc&#8221; background_layout=&#8221;dark&#8221; custom_padding=&#8221;||4px&#8221;]<\/p>\n<p><span class=\"fontstyle0\">Samanes 6, Manzana 944, Casa 34<br \/> Guayaquil, Ecuador<\/span><\/p>\n<p>[\/et_pb_blurb][et_pb_blurb url=&#8221;\/productos-y-servicios\/instalacion\/&#8221; use_icon=&#8221;on&#8221; font_icon=&#8221;%%264%%&#8221; icon_color=&#8221;#e2b42b&#8221; icon_placement=&#8221;left&#8221; _builder_version=&#8221;3.19.15&#8243; header_font=&#8221;Josefin Sans|300|||||||&#8221; header_text_color=&#8221;#e2b42b&#8221; header_font_size=&#8221;22px&#8221; body_font=&#8221;Josefin Sans|300|||||||&#8221; body_text_align=&#8221;left&#8221; body_font_size=&#8221;16px&#8221; body_text_shadow_style=&#8221;preset1&#8243; background_layout=&#8221;dark&#8221; custom_padding=&#8221;||4px&#8221;]<\/p>\n<p><span class=\"fontstyle0\">(593) 39 45 210<br \/>(593) 39 45 230<\/span> <\/p>\n<p>[\/et_pb_blurb][\/et_pb_column][\/et_pb_row][et_pb_row column_structure=&#8221;1_3,1_3,1_3&#8243; _builder_version=&#8221;3.25&#8243; border_width_top=&#8221;4px&#8221; border_color_top=&#8221;#ffffff&#8221; custom_margin=&#8221;25px||&#8221; custom_padding=&#8221;25px||0px&#8221;][et_pb_column type=&#8221;1_3&#8243; _builder_version=&#8221;3.25&#8243; custom_padding=&#8221;|||&#8221; custom_padding__hover=&#8221;|||&#8221;][\/et_pb_column][et_pb_column type=&#8221;1_3&#8243; _builder_version=&#8221;3.25&#8243; custom_padding=&#8221;|||&#8221; custom_padding__hover=&#8221;|||&#8221;][et_pb_text _builder_version=&#8221;3.19.17&#8243; text_font=&#8221;Josefin Sans|600||on|||||&#8221; text_text_shadow_style=&#8221;preset1&#8243; header_font=&#8221;||||||||&#8221; header_2_font=&#8221;Josefin Sans||||||||&#8221; header_2_font_size=&#8221;20px&#8221; header_2_text_shadow_style=&#8221;preset1&#8243; text_orientation=&#8221;right&#8221; background_layout=&#8221;dark&#8221; link_option_url=&#8221;http:\/\/www.dinalink.com\/?page_id=82&#8243;]<\/p>\n<h2>T\u00c9RMINOS DE USO<\/h2>\n<p>[\/et_pb_text][\/et_pb_column][et_pb_column type=&#8221;1_3&#8243; _builder_version=&#8221;3.25&#8243; custom_padding=&#8221;|||&#8221; custom_padding__hover=&#8221;|||&#8221;][et_pb_text _builder_version=&#8221;3.19.17&#8243; text_font=&#8221;Josefin Sans|600||on|||||&#8221; text_text_shadow_style=&#8221;preset1&#8243; header_font=&#8221;||||||||&#8221; header_2_font=&#8221;Josefin Sans||||||||&#8221; header_2_font_size=&#8221;20px&#8221; header_2_text_shadow_style=&#8221;preset1&#8243; text_orientation=&#8221;right&#8221; background_layout=&#8221;dark&#8221; link_option_url=&#8221;http:\/\/www.dinalink.com\/?page_id=3&#8243;]<\/p>\n<h2>POL\u00cdTICA DE PRIVACIDAD<\/h2>\n<p>[\/et_pb_text][\/et_pb_column][\/et_pb_row][\/et_pb_section]<\/p>\n","protected":false},"excerpt":{"rendered":"<p>[et_pb_section fb_built=&#8221;1&#8243; _builder_version=&#8221;3.22&#8243; background_color=&#8221;#2d3f73&#8243; custom_margin=&#8221;||&#8221; custom_padding=&#8221;0px||30px||false|false&#8221;][et_pb_row _builder_version=&#8221;3.25&#8243; background_size=&#8221;initial&#8221; background_position=&#8221;top_left&#8221; background_repeat=&#8221;repeat&#8221; box_shadow_style=&#8221;preset1&#8243; max_width=&#8221;80%&#8221; custom_margin=&#8221;0px||0px||true&#8221; custom_padding=&#8221;0px||0px||true&#8221; use_custom_width=&#8221;on&#8221; width_unit=&#8221;off&#8221;][et_pb_column type=&#8221;4_4&#8243; _builder_version=&#8221;3.25&#8243; custom_padding=&#8221;|||&#8221; custom_padding__hover=&#8221;|||&#8221;][et_pb_slider module_class=&#8221;top_slide&#8221; _builder_version=&#8221;3.26.6&#8243; body_font=&#8221;||||||||&#8221; text_orientation=&#8221;right&#8221; custom_margin=&#8221;|0px||&#8221; animation_style=&#8221;fold&#8221; animation_direction=&#8221;top&#8221;][et_pb_slide use_text_overlay=&#8221;on&#8221; text_overlay_color=&#8221;rgba(66,92,169,0.76)&#8221; _builder_version=&#8221;3.26.6&#8243; header_font=&#8221;||||||||&#8221; header_text_shadow_style=&#8221;preset2&#8243; body_font=&#8221;||||||||&#8221; body_text_shadow_style=&#8221;preset2&#8243; background_image=&#8221;http:\/\/www.dinalink.com\/wp-content\/uploads\/2019\/08\/mobile_network.jpg&#8221; background_enable_image=&#8221;on&#8221; use_background_color_gradient=&#8221;on&#8221; background_color_gradient_start=&#8221;rgba(20,59,112,0.6)&#8221; background_color_gradient_start_preview=&#8221;#143b70&#8243; background_color_gradient_overlays_image=&#8221;on&#8221; background_color_gradient_end=&#8221;rgba(14,77,161,0.2)&#8221; background_color_gradient_end_preview=&#8221;#0e4da1&#8243;]CREEMOS FIRMEMENTE QUE LA FLEXIBILIDAD Y QUE LA SIMPLICIDAD GENERA SISTEMAS CON ALTA CAPACIDAD [&hellip;]<\/p>\n","protected":false},"author":1,"featured_media":0,"parent":167,"menu_order":0,"comment_status":"closed","ping_status":"closed","template":"","meta":{"_et_pb_use_builder":"on","_et_pb_old_content":""},"_links":{"self":[{"href":"http:\/\/www.dinalink.com\/index.php?rest_route=\/wp\/v2\/pages\/234"}],"collection":[{"href":"http:\/\/www.dinalink.com\/index.php?rest_route=\/wp\/v2\/pages"}],"about":[{"href":"http:\/\/www.dinalink.com\/index.php?rest_route=\/wp\/v2\/types\/page"}],"author":[{"embeddable":true,"href":"http:\/\/www.dinalink.com\/index.php?rest_route=\/wp\/v2\/users\/1"}],"replies":[{"embeddable":true,"href":"http:\/\/www.dinalink.com\/index.php?rest_route=%2Fwp%2Fv2%2Fcomments&post=234"}],"version-history":[{"count":10,"href":"http:\/\/www.dinalink.com\/index.php?rest_route=\/wp\/v2\/pages\/234\/revisions"}],"predecessor-version":[{"id":560,"href":"http:\/\/www.dinalink.com\/index.php?rest_route=\/wp\/v2\/pages\/234\/revisions\/560"}],"up":[{"embeddable":true,"href":"http:\/\/www.dinalink.com\/index.php?rest_route=\/wp\/v2\/pages\/167"}],"wp:attachment":[{"href":"http:\/\/www.dinalink.com\/index.php?rest_route=%2Fwp%2Fv2%2Fmedia&parent=234"}],"curies":[{"name":"wp","href":"https:\/\/api.w.org\/{rel}","templated":true}]}}