{"id":167,"date":"2019-02-14T03:41:02","date_gmt":"2019-02-14T03:41:02","guid":{"rendered":"http:\/\/www.dinalink.com\/?page_id=167"},"modified":"2019-08-02T00:48:00","modified_gmt":"2019-08-02T05:48:00","slug":"instalacion","status":"publish","type":"page","link":"http:\/\/www.dinalink.com\/?page_id=167","title":{"rendered":"Instalaci\u00f3n"},"content":{"rendered":"<p>[et_pb_section fb_built=&#8221;1&#8243; _builder_version=&#8221;3.22&#8243; background_color=&#8221;#425ca9&#8243; custom_margin=&#8221;||&#8221; custom_padding=&#8221;0px||30px||false|false&#8221;][et_pb_row _builder_version=&#8221;3.25&#8243; background_size=&#8221;initial&#8221; background_position=&#8221;top_left&#8221; background_repeat=&#8221;repeat&#8221; box_shadow_style=&#8221;preset1&#8243; max_width=&#8221;80%&#8221; custom_margin=&#8221;0px||0px||true&#8221; custom_padding=&#8221;0px||0px||true&#8221; use_custom_width=&#8221;on&#8221; width_unit=&#8221;off&#8221;][et_pb_column type=&#8221;4_4&#8243; _builder_version=&#8221;3.25&#8243; custom_padding=&#8221;|||&#8221; custom_padding__hover=&#8221;|||&#8221;][et_pb_slider module_class=&#8221;top_slide&#8221; _builder_version=&#8221;3.19.15&#8243; body_font=&#8221;||||||||&#8221; text_orientation=&#8221;justified&#8221; custom_margin=&#8221;|0px||&#8221; animation_style=&#8221;fold&#8221; animation_direction=&#8221;top&#8221;][et_pb_slide use_text_overlay=&#8221;on&#8221; text_overlay_color=&#8221;rgba(66,92,169,0.76)&#8221; _builder_version=&#8221;3.19.15&#8243; header_font=&#8221;||||||||&#8221; body_font=&#8221;||||||||&#8221; background_image=&#8221;http:\/\/www.dinalink.com\/wp-content\/uploads\/2019\/02\/net_sw.jpg&#8221;]<\/p>\n<p>INTEGRAMOS LA VISI\u00d3N END TO END O PERSPECTIVA GLOBAL, CUYO FIN ES HACER QUE LOS PROCESOS DE TODAS LAS \u00c1REAS QUE FORMAN PARTE DE LOS OPERADORES DE TELECOMUNICACIONES (LA LOG\u00cdSTICA, EL ALMACENAJE, EL TRANSPORTE, LA PRODUCCI\u00d3N Y EL MANEJO DE PERSONAL)- CUMPLAN CON LOS TIEMPOS Y OPTIMICEN LA CALIDAD. ESTO FACILITA LA MEJORA CONTINUA Y LA EFICIENCIA SOBRE LOS RECURSOS.<\/p>\n<p>[\/et_pb_slide][\/et_pb_slider][\/et_pb_column][\/et_pb_row][\/et_pb_section][et_pb_section fb_built=&#8221;1&#8243; _builder_version=&#8221;3.22&#8243; custom_margin=&#8221;0px||&#8221; custom_padding=&#8221;120px||0||false|false&#8221; top_divider_style=&#8221;arrow2&#8243; top_divider_color=&#8221;#425ca9&#8243;][et_pb_row _builder_version=&#8221;3.25&#8243;][et_pb_column type=&#8221;4_4&#8243; _builder_version=&#8221;3.25&#8243; custom_padding=&#8221;|||&#8221; custom_padding__hover=&#8221;|||&#8221;][et_pb_text _builder_version=&#8221;3.19.14&#8243; text_font=&#8221;||||||||&#8221; header_font=&#8221;Ubuntu||||||||&#8221; header_2_font=&#8221;Josefin Sans|600||on|||||&#8221; header_2_text_align=&#8221;left&#8221; header_2_text_color=&#8221;#425ca9&#8243; header_2_font_size=&#8221;3em&#8221; header_2_text_shadow_style=&#8221;preset2&#8243; header_2_text_shadow_color=&#8221;rgba(0,0,0,0.2)&#8221;]<\/p>\n<h2>INSTALACI\u00d3N<\/h2>\n<p>[\/et_pb_text][et_pb_text _builder_version=&#8221;3.19.14&#8243; text_font=&#8221;|300||on|||||&#8221; text_font_size=&#8221;18px&#8221; text_text_shadow_style=&#8221;preset1&#8243; custom_padding=&#8221;3%|5%|3%|5%||true&#8221;]<\/p>\n<p style=\"text-align: justify;\"><span class=\"fontstyle0\">En conjunto con los grandes proveedores de tecnolog\u00eda, creamos\u00a0soluciones \u00fanicas y personalizadas que nos permite desarrollar la\u00a0infraestructura tecnol\u00f3gica para atender las expectativas de los\u00a0usuarios. Conectamos redes de alta eficiencia que generan mayor\u00a0competitividad para las organizaciones. La instalaci\u00f3n de redes est\u00e1\u00a0dirigida a operadores y a proveedores de telecomunicaciones. Hemos trabajado con compa\u00f1\u00edas de telefon\u00eda y de comunicaci\u00f3n de datos.<\/span><\/p>\n<p>[\/et_pb_text][\/et_pb_column][\/et_pb_row][\/et_pb_section][et_pb_section fb_built=&#8221;1&#8243; prev_background_color=&#8221;#ffffff&#8221; _builder_version=&#8221;3.22&#8243; background_color=&#8221;#ebefe9&#8243; custom_padding=&#8221;100px|0px|54px|0px|false|false&#8221; top_divider_style=&#8221;arrow2&#8243;][et_pb_row _builder_version=&#8221;3.25&#8243; module_alignment=&#8221;center&#8221; background_color_3__hover_enabled=&#8221;on&#8221; background_color_3__hover=&#8221;rgba(0,0,0,0.4)&#8221; background_color_2__hover_enabled=&#8221;on&#8221; background_color_2__hover=&#8221;rgba(0,0,0,0.4)&#8221; background_color_1__hover_enabled=&#8221;on&#8221; background_color_1__hover=&#8221;rgba(0,0,0,0.4)&#8221; column_structure=&#8221;1_2,1_2&#8243;][et_pb_column type=&#8221;1_2&#8243; _builder_version=&#8221;3.25&#8243; background_color=&#8221;#ffffff&#8221; background_image=&#8221;http:\/\/www.dinalink.com\/wp-content\/uploads\/2019\/02\/Res_5.jpg&#8221; background_blend=&#8221;darken&#8221; custom_padding=&#8221;|||&#8221; background_color__hover=&#8221;rgba(0,0,0,0.4)&#8221; background_color__hover_enabled=&#8221;on&#8221; custom_padding__hover=&#8221;|||&#8221;][et_pb_text _builder_version=&#8221;3.19.17&#8243; text_font=&#8221;||||||||&#8221; header_font=&#8221;||||||||&#8221; header_2_font=&#8221;||||||||&#8221; header_3_font=&#8221;|600||on|||||&#8221; header_3_text_align=&#8221;center&#8221; header_3_text_color=&#8221;#ffffff&#8221; header_3_font_size=&#8221;2.2em&#8221; header_3_letter_spacing=&#8221;1px&#8221; header_3_text_shadow_style=&#8221;preset1&#8243; background_color=&#8221;rgba(126,194,99,0.5)&#8221; module_alignment=&#8221;left&#8221; custom_margin=&#8221;100px||100px||false&#8221; custom_padding=&#8221;20px||10px||false&#8221; animation_style=&#8221;fold&#8221; animation_direction=&#8221;top&#8221; link_option_url=&#8221;http:\/\/www.dinalink.com\/?page_id=207&#8243; divienhancer_set=&#8221;hover_effects&#8221; divienhancer_hover_effect=&#8221;divienhancer-sink&#8221; custom_padding__hover_enabled=&#8221;on&#8221; header_3_font_size__hover_enabled=&#8221;on&#8221; header_3_font_size__hover=&#8221;2.4em&#8221; header_3_letter_spacing__hover_enabled=&#8221;on&#8221; header_3_letter_spacing__hover=&#8221;4px&#8221;]<\/p>\n<h3>FIBRA \u00d3PTICA<\/h3>\n<p>[\/et_pb_text][\/et_pb_column][et_pb_column type=&#8221;1_2&#8243; _builder_version=&#8221;3.25&#8243; background_color=&#8221;#ffffff&#8221; background_image=&#8221;http:\/\/www.dinalink.com\/wp-content\/uploads\/2019\/02\/Res_2.jpg&#8221; background_blend=&#8221;darken&#8221; custom_padding=&#8221;|||&#8221; background_color__hover=&#8221;rgba(0,0,0,0.4)&#8221; background_color__hover_enabled=&#8221;on&#8221; custom_padding__hover=&#8221;|||&#8221;][et_pb_text _builder_version=&#8221;3.19.17&#8243; text_font=&#8221;||||||||&#8221; header_font=&#8221;||||||||&#8221; header_2_font=&#8221;||||||||&#8221; header_3_font=&#8221;|600||on|||||&#8221; header_3_text_align=&#8221;center&#8221; header_3_text_color=&#8221;#ffffff&#8221; header_3_font_size=&#8221;2.2em&#8221; header_3_letter_spacing=&#8221;1px&#8221; header_3_text_shadow_style=&#8221;preset1&#8243; background_color=&#8221;rgba(126,194,99,0.5)&#8221; module_alignment=&#8221;left&#8221; custom_margin=&#8221;100px||100px||false&#8221; custom_padding=&#8221;20px||10px||false&#8221; animation_style=&#8221;fold&#8221; animation_direction=&#8221;top&#8221; link_option_url=&#8221;http:\/\/www.dinalink.com\/?page_id=213&#8243; divienhancer_set=&#8221;hover_effects&#8221; divienhancer_hover_effect=&#8221;divienhancer-sink&#8221; custom_padding__hover_enabled=&#8221;on&#8221; header_3_font_size__hover_enabled=&#8221;on&#8221; header_3_font_size__hover=&#8221;2.4em&#8221; header_3_letter_spacing__hover_enabled=&#8221;on&#8221; header_3_letter_spacing__hover=&#8221;4px&#8221;]<\/p>\n<h3>REDES LAN<\/h3>\n<p>[\/et_pb_text][\/et_pb_column][\/et_pb_row][et_pb_row _builder_version=&#8221;3.26.6&#8243; module_alignment=&#8221;center&#8221; background_color_3__hover_enabled=&#8221;on&#8221; background_color_3__hover=&#8221;rgba(0,0,0,0.4)&#8221; background_color_2__hover_enabled=&#8221;on&#8221; background_color_2__hover=&#8221;rgba(0,0,0,0.4)&#8221; background_color_1__hover_enabled=&#8221;on&#8221; background_color_1__hover=&#8221;rgba(0,0,0,0.4)&#8221; column_structure=&#8221;1_3,1_3,1_3&#8243;][et_pb_column type=&#8221;1_3&#8243; _builder_version=&#8221;3.25&#8243; background_color=&#8221;#ffffff&#8221; background_image=&#8221;http:\/\/www.dinalink.com\/wp-content\/uploads\/2019\/02\/Asset-9-2x.png&#8221; background_blend=&#8221;darken&#8221; custom_padding=&#8221;|||&#8221; background_color__hover=&#8221;rgba(0,0,0,0.4)&#8221; background_color__hover_enabled=&#8221;on&#8221; custom_padding__hover=&#8221;|||&#8221;][et_pb_text _builder_version=&#8221;3.19.17&#8243; text_font=&#8221;||||||||&#8221; header_font=&#8221;||||||||&#8221; header_2_font=&#8221;||||||||&#8221; header_3_font=&#8221;|600||on|||||&#8221; header_3_text_align=&#8221;center&#8221; header_3_text_color=&#8221;#ffffff&#8221; header_3_font_size=&#8221;2.2em&#8221; header_3_letter_spacing=&#8221;1px&#8221; header_3_text_shadow_style=&#8221;preset1&#8243; background_color=&#8221;rgba(126,194,99,0.5)&#8221; module_alignment=&#8221;left&#8221; custom_margin=&#8221;100px||100px||false&#8221; custom_padding=&#8221;20px||10px||false&#8221; animation_style=&#8221;fold&#8221; animation_direction=&#8221;top&#8221; link_option_url=&#8221;http:\/\/www.dinalink.com\/?page_id=224&#8243; divienhancer_set=&#8221;hover_effects&#8221; divienhancer_hover_effect=&#8221;divienhancer-sink&#8221; custom_padding__hover_enabled=&#8221;on&#8221; header_3_font_size__hover_enabled=&#8221;on&#8221; header_3_font_size__hover=&#8221;2.4em&#8221; header_3_letter_spacing__hover_enabled=&#8221;on&#8221; header_3_letter_spacing__hover=&#8221;4px&#8221;]<\/p>\n<h3>REDES<br \/> MICROONDAS<\/h3>\n<p>[\/et_pb_text][\/et_pb_column][et_pb_column type=&#8221;1_3&#8243; _builder_version=&#8221;3.26.6&#8243; custom_padding=&#8221;|||&#8221; background_color__hover=&#8221;rgba(0,0,0,0.4)&#8221; background_color__hover_enabled=&#8221;on&#8221; custom_padding__hover=&#8221;|||&#8221; background_color_gradient_start=&#8221;rgba(131,135,175,0.4)&#8221; use_background_color_gradient=&#8221;on&#8221; background_image=&#8221;http:\/\/www.dinalink.com\/wp-content\/uploads\/2019\/08\/Data-Center-Racks_0.jpg&#8221; background_enable_color=&#8221;off&#8221; background_color_gradient_overlays_image=&#8221;on&#8221; background_color_gradient_start_preview=&#8221;#8387af&#8221; background_color_gradient_end=&#8221;rgba(131,135,175,0.4)&#8221; background_color_gradient_end_preview=&#8221;#8387af&#8221;][et_pb_text _builder_version=&#8221;3.26.6&#8243; text_font=&#8221;||||||||&#8221; header_font=&#8221;||||||||&#8221; header_2_font=&#8221;||||||||&#8221; header_3_font=&#8221;|600||on|||||&#8221; header_3_text_align=&#8221;center&#8221; header_3_text_color=&#8221;#ffffff&#8221; header_3_font_size=&#8221;2.2em&#8221; header_3_letter_spacing=&#8221;1px&#8221; header_3_text_shadow_style=&#8221;preset1&#8243; background_color=&#8221;rgba(126,194,99,0.5)&#8221; module_alignment=&#8221;left&#8221; custom_margin=&#8221;100px||100px||false&#8221; custom_padding=&#8221;20px||10px||false&#8221; animation_style=&#8221;fold&#8221; animation_direction=&#8221;top&#8221; link_option_url=&#8221;http:\/\/www.dinalink.com\/?page_id=229&#8243; divienhancer_set=&#8221;hover_effects&#8221; divienhancer_hover_effect=&#8221;divienhancer-sink&#8221; custom_padding__hover_enabled=&#8221;on&#8221; header_3_font_size__hover_enabled=&#8221;on&#8221; header_3_font_size__hover=&#8221;2.4em&#8221; header_3_letter_spacing__hover_enabled=&#8221;on&#8221; header_3_letter_spacing__hover=&#8221;4px&#8221;]<\/p>\n<h3>REDES<br \/> IP\/MPLS<\/h3>\n<p>[\/et_pb_text][\/et_pb_column][et_pb_column type=&#8221;1_3&#8243; _builder_version=&#8221;3.25&#8243; background_color=&#8221;#ffffff&#8221; background_image=&#8221;http:\/\/www.dinalink.com\/wp-content\/uploads\/2019\/02\/Asset-11-2x.png&#8221; background_blend=&#8221;darken&#8221; custom_padding=&#8221;|||&#8221; background_color__hover=&#8221;rgba(0,0,0,0.4)&#8221; background_color__hover_enabled=&#8221;on&#8221; custom_padding__hover=&#8221;|||&#8221;][et_pb_text _builder_version=&#8221;3.19.17&#8243; text_font=&#8221;||||||||&#8221; header_font=&#8221;||||||||&#8221; header_2_font=&#8221;||||||||&#8221; header_3_font=&#8221;|600||on|||||&#8221; header_3_text_align=&#8221;center&#8221; header_3_text_color=&#8221;#ffffff&#8221; header_3_font_size=&#8221;2.2em&#8221; header_3_letter_spacing=&#8221;1px&#8221; header_3_text_shadow_style=&#8221;preset1&#8243; background_color=&#8221;rgba(126,194,99,0.5)&#8221; module_alignment=&#8221;left&#8221; custom_margin=&#8221;100px||100px||false&#8221; custom_padding=&#8221;20px||10px||false&#8221; animation_style=&#8221;fold&#8221; animation_direction=&#8221;top&#8221; link_option_url=&#8221;http:\/\/www.dinalink.com\/?page_id=234&#8243; divienhancer_set=&#8221;hover_effects&#8221; divienhancer_hover_effect=&#8221;divienhancer-sink&#8221; custom_padding__hover_enabled=&#8221;on&#8221; header_3_font_size__hover_enabled=&#8221;on&#8221; header_3_font_size__hover=&#8221;2.4em&#8221; header_3_letter_spacing__hover_enabled=&#8221;on&#8221; header_3_letter_spacing__hover=&#8221;4px&#8221;]<\/p>\n<h3>SISTEMA<br \/> RADIANTE<\/h3>\n<p>[\/et_pb_text][\/et_pb_column][\/et_pb_row][\/et_pb_section][et_pb_section fb_built=&#8221;1&#8243; _builder_version=&#8221;3.19.15&#8243; background_color=&#8221;#425ca9&#8243; global_module=&#8221;289&#8243;][et_pb_row column_structure=&#8221;1_3,1_3,1_3&#8243; _builder_version=&#8221;3.25&#8243; custom_padding=&#8221;27px|0px|16px|0px|false|false&#8221;][et_pb_column type=&#8221;1_3&#8243; _builder_version=&#8221;3.25&#8243; custom_padding=&#8221;|||&#8221; custom_padding__hover=&#8221;|||&#8221;][et_pb_text _builder_version=&#8221;3.19.15&#8243; text_font=&#8221;||||||||&#8221; header_font=&#8221;||||||||&#8221; header_2_font=&#8221;Josefin Sans|||on|||||&#8221; header_2_text_shadow_style=&#8221;preset1&#8243; background_layout=&#8221;dark&#8221;]<\/p>\n<h2>SOBRE DINALINK<\/h2>\n<p>[\/et_pb_text][et_pb_blurb title=&#8221;\u00bfQui\u00e9nes somos?&#8221; url=&#8221;http:\/\/www.dinalink.com\/?page_id=128&#8243; use_icon=&#8221;on&#8221; font_icon=&#8221;%%20%%&#8221; icon_color=&#8221;#e2b42b&#8221; icon_placement=&#8221;left&#8221; _builder_version=&#8221;3.19.17&#8243; header_font=&#8221;Josefin Sans|300|||||||&#8221; header_text_color=&#8221;#ffffff&#8221; header_font_size=&#8221;22px&#8221; border_width_bottom=&#8221;3px&#8221; border_color_bottom=&#8221;#7487bc&#8221; background_layout=&#8221;dark&#8221; custom_padding=&#8221;||4px&#8221;][\/et_pb_blurb][et_pb_blurb title=&#8221;Misi\u00f3n y Visi\u00f3n&#8221; url=&#8221;http:\/\/www.dinalink.com\/?page_id=158&#8243; use_icon=&#8221;on&#8221; font_icon=&#8221;%%20%%&#8221; icon_color=&#8221;#e2b42b&#8221; icon_placement=&#8221;left&#8221; _builder_version=&#8221;3.19.17&#8243; header_font=&#8221;Josefin Sans|300|||||||&#8221; header_text_color=&#8221;#ffffff&#8221; header_font_size=&#8221;22px&#8221; border_width_bottom=&#8221;3px&#8221; border_color_bottom=&#8221;#7487bc&#8221; background_layout=&#8221;dark&#8221; custom_padding=&#8221;||4px&#8221;][\/et_pb_blurb][et_pb_blurb title=&#8221;Nuestro Equipo&#8221; url=&#8221;http:\/\/www.dinalink.com\/?page_id=146&#8243; use_icon=&#8221;on&#8221; font_icon=&#8221;%%20%%&#8221; icon_color=&#8221;#e2b42b&#8221; icon_placement=&#8221;left&#8221; _builder_version=&#8221;3.19.17&#8243; header_font=&#8221;Josefin Sans|300|||||||&#8221; header_text_color=&#8221;#ffffff&#8221; header_font_size=&#8221;22px&#8221; border_width_bottom=&#8221;3px&#8221; border_color_bottom=&#8221;#7487bc&#8221; background_layout=&#8221;dark&#8221; custom_padding=&#8221;||4px&#8221;][\/et_pb_blurb][\/et_pb_column][et_pb_column type=&#8221;1_3&#8243; _builder_version=&#8221;3.25&#8243; custom_padding=&#8221;|||&#8221; custom_padding__hover=&#8221;|||&#8221;][et_pb_text _builder_version=&#8221;3.19.15&#8243; text_font=&#8221;||||||||&#8221; header_font=&#8221;||||||||&#8221; header_2_font=&#8221;Josefin Sans|||on|||||&#8221; header_2_text_shadow_style=&#8221;preset1&#8243; background_layout=&#8221;dark&#8221;]<\/p>\n<h2>Productos y Servicios<\/h2>\n<p>[\/et_pb_text][et_pb_blurb title=&#8221;Instalaci\u00f3n&#8221; url=&#8221;http:\/\/www.dinalink.com\/?page_id=167&#8243; use_icon=&#8221;on&#8221; font_icon=&#8221;%%20%%&#8221; icon_color=&#8221;#e2b42b&#8221; icon_placement=&#8221;left&#8221; _builder_version=&#8221;3.19.17&#8243; header_font=&#8221;Josefin Sans|300|||||||&#8221; header_text_color=&#8221;#ffffff&#8221; header_font_size=&#8221;22px&#8221; border_width_bottom=&#8221;3px&#8221; border_color_bottom=&#8221;#7487bc&#8221; background_layout=&#8221;dark&#8221; custom_padding=&#8221;||4px&#8221;][\/et_pb_blurb][et_pb_blurb title=&#8221;Mantenimiento&#8221; url=&#8221;http:\/\/www.dinalink.com\/?page_id=247&#8243; use_icon=&#8221;on&#8221; font_icon=&#8221;%%20%%&#8221; icon_color=&#8221;#e2b42b&#8221; icon_placement=&#8221;left&#8221; _builder_version=&#8221;3.19.17&#8243; header_font=&#8221;Josefin Sans|300|||||||&#8221; header_text_color=&#8221;#ffffff&#8221; header_font_size=&#8221;22px&#8221; border_width_bottom=&#8221;3px&#8221; border_color_bottom=&#8221;#7487bc&#8221; background_layout=&#8221;dark&#8221; custom_padding=&#8221;||4px&#8221;][\/et_pb_blurb][et_pb_blurb title=&#8221;Supervisi\u00f3n&#8221; url=&#8221;http:\/\/www.dinalink.com\/?page_id=263&#8243; use_icon=&#8221;on&#8221; font_icon=&#8221;%%20%%&#8221; icon_color=&#8221;#e2b42b&#8221; icon_placement=&#8221;left&#8221; _builder_version=&#8221;3.19.17&#8243; header_font=&#8221;Josefin Sans|300|||||||&#8221; header_text_color=&#8221;#ffffff&#8221; header_font_size=&#8221;22px&#8221; border_width_bottom=&#8221;3px&#8221; border_color_bottom=&#8221;#7487bc&#8221; background_layout=&#8221;dark&#8221; custom_padding=&#8221;||4px&#8221;][\/et_pb_blurb][\/et_pb_column][et_pb_column type=&#8221;1_3&#8243; _builder_version=&#8221;3.25&#8243; custom_padding=&#8221;|||&#8221; custom_padding__hover=&#8221;|||&#8221;][et_pb_text _builder_version=&#8221;3.19.15&#8243; text_font=&#8221;||||||||&#8221; header_font=&#8221;||||||||&#8221; header_2_font=&#8221;Josefin Sans|||on|||||&#8221; header_2_text_shadow_style=&#8221;preset1&#8243; background_layout=&#8221;dark&#8221;]<\/p>\n<h2>ContActo<\/h2>\n<p>[\/et_pb_text][et_pb_blurb url=&#8221;\/productos-y-servicios\/instalacion\/&#8221; use_icon=&#8221;on&#8221; font_icon=&#8221;%%236%%&#8221; icon_color=&#8221;#e2b42b&#8221; icon_placement=&#8221;left&#8221; _builder_version=&#8221;3.19.15&#8243; header_font=&#8221;Josefin Sans|300|||||||&#8221; header_text_color=&#8221;#e2b42b&#8221; header_font_size=&#8221;22px&#8221; body_font=&#8221;Josefin Sans|300|||||||&#8221; body_text_align=&#8221;left&#8221; body_font_size=&#8221;16px&#8221; body_text_shadow_style=&#8221;preset1&#8243; border_width_bottom=&#8221;1px&#8221; border_color_bottom=&#8221;#7487bc&#8221; background_layout=&#8221;dark&#8221; custom_padding=&#8221;||4px&#8221;]<\/p>\n<p><span class=\"fontstyle0\">Jos\u00e9 Arizaga E3-37 y Jorge Drom.<br \/> Edificio Aristo Plaza.<br \/> Piso 4, Oficina 41<br \/> Quito, Ecuador<\/span><\/p>\n<p>[\/et_pb_blurb][et_pb_blurb url=&#8221;\/productos-y-servicios\/instalacion\/&#8221; use_icon=&#8221;on&#8221; font_icon=&#8221;%%236%%&#8221; icon_color=&#8221;#e2b42b&#8221; icon_placement=&#8221;left&#8221; _builder_version=&#8221;3.19.15&#8243; header_font=&#8221;Josefin Sans|300|||||||&#8221; header_text_color=&#8221;#e2b42b&#8221; header_font_size=&#8221;22px&#8221; body_font=&#8221;Josefin Sans|300|||||||&#8221; body_text_align=&#8221;left&#8221; body_font_size=&#8221;16px&#8221; body_text_shadow_style=&#8221;preset1&#8243; border_width_bottom=&#8221;1px&#8221; border_color_bottom=&#8221;#7487bc&#8221; background_layout=&#8221;dark&#8221; custom_padding=&#8221;||4px&#8221;]<\/p>\n<p><span class=\"fontstyle0\">Samanes 6, Manzana 944, Casa 34<br \/> Guayaquil, Ecuador<\/span><\/p>\n<p>[\/et_pb_blurb][et_pb_blurb url=&#8221;\/productos-y-servicios\/instalacion\/&#8221; use_icon=&#8221;on&#8221; font_icon=&#8221;%%264%%&#8221; icon_color=&#8221;#e2b42b&#8221; icon_placement=&#8221;left&#8221; _builder_version=&#8221;3.19.15&#8243; header_font=&#8221;Josefin Sans|300|||||||&#8221; header_text_color=&#8221;#e2b42b&#8221; header_font_size=&#8221;22px&#8221; body_font=&#8221;Josefin Sans|300|||||||&#8221; body_text_align=&#8221;left&#8221; body_font_size=&#8221;16px&#8221; body_text_shadow_style=&#8221;preset1&#8243; background_layout=&#8221;dark&#8221; custom_padding=&#8221;||4px&#8221;]<\/p>\n<p><span class=\"fontstyle0\">(593) 39 45 210<br \/>(593) 39 45 230<\/span> <\/p>\n<p>[\/et_pb_blurb][\/et_pb_column][\/et_pb_row][et_pb_row column_structure=&#8221;1_3,1_3,1_3&#8243; _builder_version=&#8221;3.25&#8243; border_width_top=&#8221;4px&#8221; border_color_top=&#8221;#ffffff&#8221; custom_margin=&#8221;25px||&#8221; custom_padding=&#8221;25px||0px&#8221;][et_pb_column type=&#8221;1_3&#8243; _builder_version=&#8221;3.25&#8243; custom_padding=&#8221;|||&#8221; custom_padding__hover=&#8221;|||&#8221;][\/et_pb_column][et_pb_column type=&#8221;1_3&#8243; _builder_version=&#8221;3.25&#8243; custom_padding=&#8221;|||&#8221; custom_padding__hover=&#8221;|||&#8221;][et_pb_text _builder_version=&#8221;3.19.17&#8243; text_font=&#8221;Josefin Sans|600||on|||||&#8221; text_text_shadow_style=&#8221;preset1&#8243; header_font=&#8221;||||||||&#8221; header_2_font=&#8221;Josefin Sans||||||||&#8221; header_2_font_size=&#8221;20px&#8221; header_2_text_shadow_style=&#8221;preset1&#8243; text_orientation=&#8221;right&#8221; background_layout=&#8221;dark&#8221; link_option_url=&#8221;http:\/\/www.dinalink.com\/?page_id=82&#8243;]<\/p>\n<h2>T\u00c9RMINOS DE USO<\/h2>\n<p>[\/et_pb_text][\/et_pb_column][et_pb_column type=&#8221;1_3&#8243; _builder_version=&#8221;3.25&#8243; custom_padding=&#8221;|||&#8221; custom_padding__hover=&#8221;|||&#8221;][et_pb_text _builder_version=&#8221;3.19.17&#8243; text_font=&#8221;Josefin Sans|600||on|||||&#8221; text_text_shadow_style=&#8221;preset1&#8243; header_font=&#8221;||||||||&#8221; header_2_font=&#8221;Josefin Sans||||||||&#8221; header_2_font_size=&#8221;20px&#8221; header_2_text_shadow_style=&#8221;preset1&#8243; text_orientation=&#8221;right&#8221; background_layout=&#8221;dark&#8221; link_option_url=&#8221;http:\/\/www.dinalink.com\/?page_id=3&#8243;]<\/p>\n<h2>POL\u00cdTICA DE PRIVACIDAD<\/h2>\n<p>[\/et_pb_text][\/et_pb_column][\/et_pb_row][\/et_pb_section]<\/p>\n","protected":false},"excerpt":{"rendered":"<p>[et_pb_section fb_built=&#8221;1&#8243; _builder_version=&#8221;3.22&#8243; background_color=&#8221;#425ca9&#8243; custom_margin=&#8221;||&#8221; custom_padding=&#8221;0px||30px||false|false&#8221;][et_pb_row _builder_version=&#8221;3.25&#8243; background_size=&#8221;initial&#8221; background_position=&#8221;top_left&#8221; background_repeat=&#8221;repeat&#8221; box_shadow_style=&#8221;preset1&#8243; max_width=&#8221;80%&#8221; custom_margin=&#8221;0px||0px||true&#8221; custom_padding=&#8221;0px||0px||true&#8221; use_custom_width=&#8221;on&#8221; width_unit=&#8221;off&#8221;][et_pb_column type=&#8221;4_4&#8243; _builder_version=&#8221;3.25&#8243; custom_padding=&#8221;|||&#8221; custom_padding__hover=&#8221;|||&#8221;][et_pb_slider module_class=&#8221;top_slide&#8221; _builder_version=&#8221;3.19.15&#8243; body_font=&#8221;||||||||&#8221; text_orientation=&#8221;justified&#8221; custom_margin=&#8221;|0px||&#8221; animation_style=&#8221;fold&#8221; animation_direction=&#8221;top&#8221;][et_pb_slide use_text_overlay=&#8221;on&#8221; text_overlay_color=&#8221;rgba(66,92,169,0.76)&#8221; _builder_version=&#8221;3.19.15&#8243; header_font=&#8221;||||||||&#8221; body_font=&#8221;||||||||&#8221; background_image=&#8221;http:\/\/www.dinalink.com\/wp-content\/uploads\/2019\/02\/net_sw.jpg&#8221;] INTEGRAMOS LA VISI\u00d3N END TO END O PERSPECTIVA GLOBAL, CUYO FIN ES HACER QUE LOS PROCESOS DE TODAS LAS \u00c1REAS QUE FORMAN [&hellip;]<\/p>\n","protected":false},"author":1,"featured_media":0,"parent":60,"menu_order":0,"comment_status":"closed","ping_status":"closed","template":"","meta":{"_et_pb_use_builder":"on","_et_pb_old_content":""},"_links":{"self":[{"href":"http:\/\/www.dinalink.com\/index.php?rest_route=\/wp\/v2\/pages\/167"}],"collection":[{"href":"http:\/\/www.dinalink.com\/index.php?rest_route=\/wp\/v2\/pages"}],"about":[{"href":"http:\/\/www.dinalink.com\/index.php?rest_route=\/wp\/v2\/types\/page"}],"author":[{"embeddable":true,"href":"http:\/\/www.dinalink.com\/index.php?rest_route=\/wp\/v2\/users\/1"}],"replies":[{"embeddable":true,"href":"http:\/\/www.dinalink.com\/index.php?rest_route=%2Fwp%2Fv2%2Fcomments&post=167"}],"version-history":[{"count":27,"href":"http:\/\/www.dinalink.com\/index.php?rest_route=\/wp\/v2\/pages\/167\/revisions"}],"predecessor-version":[{"id":545,"href":"http:\/\/www.dinalink.com\/index.php?rest_route=\/wp\/v2\/pages\/167\/revisions\/545"}],"up":[{"embeddable":true,"href":"http:\/\/www.dinalink.com\/index.php?rest_route=\/wp\/v2\/pages\/60"}],"wp:attachment":[{"href":"http:\/\/www.dinalink.com\/index.php?rest_route=%2Fwp%2Fv2%2Fmedia&parent=167"}],"curies":[{"name":"wp","href":"https:\/\/api.w.org\/{rel}","templated":true}]}}